{"id":2030,"date":"2025-06-04T00:03:05","date_gmt":"2025-06-03T22:03:05","guid":{"rendered":"https:\/\/manufakturaumarty.pl\/?page_id=2030"},"modified":"2025-08-19T22:06:33","modified_gmt":"2025-08-19T20:06:33","slug":"kontakt-2","status":"publish","type":"page","link":"https:\/\/manufakturaumarty.pl\/?page_id=2030","title":{"rendered":"Kontakt"},"content":{"rendered":"<p>[et_pb_section fb_built=&#8221;1&#8243; admin_label=&#8221;Header&#8221; _builder_version=&#8221;4.27.4&#8243; background_image=&#8221;https:\/\/manufakturaumarty.pl\/wp-content\/uploads\/2025\/05\/massage-20.jpg&#8221; background_size=&#8221;contain&#8221; custom_padding=&#8221;||0px|||&#8221; global_colors_info=&#8221;{}&#8221;][et_pb_row column_structure=&#8221;2_5,3_5&#8243; _builder_version=&#8221;4.16&#8243; custom_padding=&#8221;||0px||false|false&#8221; global_colors_info=&#8221;{}&#8221;][et_pb_column type=&#8221;2_5&#8243; _builder_version=&#8221;4.16&#8243; global_colors_info=&#8221;{}&#8221;][et_pb_image src=&#8221;https:\/\/manufakturaumarty.pl\/wp-content\/uploads\/2025\/08\/manufakturaumarty_kontakt.jpg&#8221; disabled_on=&#8221;on|on|off&#8221; _builder_version=&#8221;4.27.4&#8243; max_width_tablet=&#8221;200px&#8221; max_width_phone=&#8221;&#8221; max_width_last_edited=&#8221;on|desktop&#8221; custom_margin=&#8221;-10vw|||-10vw|false|false&#8221; custom_margin_tablet=&#8221;0vw|||0vw|false|false&#8221; custom_margin_phone=&#8221;&#8221; custom_margin_last_edited=&#8221;on|desktop&#8221; hover_enabled=&#8221;0&#8243; global_colors_info=&#8221;{}&#8221; sticky_enabled=&#8221;0&#8243;][\/et_pb_image][\/et_pb_column][et_pb_column type=&#8221;3_5&#8243; _builder_version=&#8221;4.16&#8243; custom_padding=&#8221;||30px||false|false&#8221; global_colors_info=&#8221;{}&#8221;][et_pb_text _builder_version=&#8221;4.27.4&#8243; header_font=&#8221;Abel||||||||&#8221; header_font_size=&#8221;110px&#8221; header_letter_spacing=&#8221;12px&#8221; header_line_height=&#8221;1.1em&#8221; header_font_tablet=&#8221;Muli|600|||||||&#8221; header_font_phone=&#8221;&#8221; header_font_last_edited=&#8221;on|desktop&#8221; header_font_size_tablet=&#8221;44px&#8221; header_font_size_phone=&#8221;34px&#8221; header_font_size_last_edited=&#8221;on|phone&#8221; header_letter_spacing_tablet=&#8221;2px&#8221; header_letter_spacing_phone=&#8221;0px&#8221; header_letter_spacing_last_edited=&#8221;on|desktop&#8221; header_text_shadow_style=&#8221;preset3&#8243; header_text_shadow_color=&#8221;#ffffff&#8221; locked=&#8221;off&#8221; global_colors_info=&#8221;{}&#8221;]<\/p>\n<h1>Kontakt<\/h1>\n<p>[\/et_pb_text][\/et_pb_column][\/et_pb_row][et_pb_row column_structure=&#8221;3_5,2_5&#8243; admin_label=&#8221;Contact Info&#8221; _builder_version=&#8221;4.16&#8243; custom_padding=&#8221;0px||0px||true|false&#8221; global_colors_info=&#8221;{}&#8221;][et_pb_column type=&#8221;3_5&#8243; _builder_version=&#8221;4.16&#8243; global_colors_info=&#8221;{}&#8221;][et_pb_image src=&#8221;https:\/\/manufakturaumarty.pl\/wp-content\/uploads\/2025\/06\/manufakturaumarty_malyflowerbox_bialy5-2.jpeg&#8221; _builder_version=&#8221;4.27.4&#8243; width=&#8221;75%&#8221; module_alignment=&#8221;right&#8221; custom_margin=&#8221;-60px|0px||-11vw|false|false&#8221; custom_margin_tablet=&#8221;-13px|||0vw|false|false&#8221; custom_margin_phone=&#8221;&#8221; custom_margin_last_edited=&#8221;on|desktop&#8221; hover_enabled=&#8221;0&#8243; global_colors_info=&#8221;{}&#8221; sticky_enabled=&#8221;0&#8243;][\/et_pb_image][\/et_pb_column][et_pb_column type=&#8221;2_5&#8243; _builder_version=&#8221;4.16&#8243; global_colors_info=&#8221;{}&#8221;][et_pb_divider divider_weight=&#8221;2px&#8221; _builder_version=&#8221;4.27.4&#8243; width=&#8221;100px&#8221; custom_margin=&#8221;|||-56px|false|false&#8221; locked=&#8221;off&#8221; global_colors_info=&#8221;{}&#8221;][\/et_pb_divider][et_pb_blurb title=&#8221;Zadzwo\u0144 lub napisz&#8221; use_icon=&#8221;on&#8221; font_icon=&#8221;&#xe076;||divi||400&#8243; icon_placement=&#8221;left&#8221; _builder_version=&#8221;4.27.4&#8243; header_font=&#8221;Andada Pro||||||||&#8221; header_text_color=&#8221;rgba(204,63,175,0.72)&#8221; header_font_size=&#8221;20px&#8221; header_line_height=&#8221;1.4em&#8221; body_font=&#8221;Andada Pro||||||||&#8221; body_font_size=&#8221;15px&#8221; body_link_font=&#8221;||||on||||&#8221; body_link_text_color=&#8221;#000000&#8243; text_orientation=&#8221;center&#8221; header_font_size_tablet=&#8221;20px&#8221; header_font_size_phone=&#8221;17px&#8221; header_font_size_last_edited=&#8221;on|phone&#8221; body_line_height_tablet=&#8221;&#8221; body_line_height_phone=&#8221;1.6em&#8221; body_line_height_last_edited=&#8221;on|phone&#8221; locked=&#8221;off&#8221; global_colors_info=&#8221;{}&#8221;]<\/p>\n<p>kontakt@manufakturaumarty.pl<\/p>\n<p>[\/et_pb_blurb][et_pb_blurb title=&#8221;Godziny pracy&#8221; use_icon=&#8221;on&#8221; font_icon=&#8221;&#xe06b;||divi||400&#8243; icon_placement=&#8221;left&#8221; _builder_version=&#8221;4.27.4&#8243; header_font=&#8221;Andada Pro||||||||&#8221; header_text_color=&#8221;rgba(204,63,175,0.72)&#8221; header_font_size=&#8221;20px&#8221; header_line_height=&#8221;1.4em&#8221; body_font=&#8221;Andada Pro||||||||&#8221; body_font_size=&#8221;15px&#8221; body_link_font=&#8221;||||on||||&#8221; body_link_text_color=&#8221;#000000&#8243; text_orientation=&#8221;center&#8221; header_font_size_tablet=&#8221;20px&#8221; header_font_size_phone=&#8221;17px&#8221; header_font_size_last_edited=&#8221;on|phone&#8221; body_line_height_tablet=&#8221;&#8221; body_line_height_phone=&#8221;1.6em&#8221; body_line_height_last_edited=&#8221;on|phone&#8221; locked=&#8221;off&#8221; global_colors_info=&#8221;{}&#8221;]<\/p>\n<p>Codziennie: 08:00 &#8211; 16:00<\/p>\n<p>[\/et_pb_blurb][\/et_pb_column][\/et_pb_row][\/et_pb_section][et_pb_section fb_built=&#8221;1&#8243; custom_padding_last_edited=&#8221;on|desktop&#8221; admin_label=&#8221;Contact Form&#8221; _builder_version=&#8221;4.16&#8243; custom_padding=&#8221;0px||130px|||&#8221; custom_padding_tablet=&#8221;60px||||false|false&#8221; custom_padding_phone=&#8221;&#8221; global_colors_info=&#8221;{}&#8221;][et_pb_row column_structure=&#8221;3_5,2_5&#8243; make_equal=&#8221;on&#8221; _builder_version=&#8221;4.27.4&#8243; custom_padding=&#8221;0px||0px||false|false&#8221; box_shadow_style=&#8221;preset2&#8243; box_shadow_color=&#8221;rgba(56,21,11,0.27)&#8221; global_colors_info=&#8221;{}&#8221;][et_pb_column type=&#8221;3_5&#8243; _builder_version=&#8221;4.27.4&#8243; use_background_color_gradient=&#8221;on&#8221; background_color_gradient_direction=&#8221;160deg&#8221; background_color_gradient_stops=&#8221;rgba(204,73,177,0.3) 0%|rgba(204,63,175,0.72) 99%&#8221; background_color_gradient_start=&#8221;#ffd9ce&#8221; background_color_gradient_end=&#8221;#ffaa89&#8243; custom_padding=&#8221;250px|40px|250px|40px|true|true&#8221; custom_padding_tablet=&#8221;60px||60px||true|false&#8221; custom_padding_phone=&#8221;&#8221; custom_padding_last_edited=&#8221;on|desktop&#8221; global_colors_info=&#8221;{}&#8221;][et_pb_text _builder_version=&#8221;4.27.4&#8243; header_2_font=&#8221;Abel||||||||&#8221; header_2_font_size=&#8221;70px&#8221; header_2_letter_spacing=&#8221;3px&#8221; header_2_line_height=&#8221;1.2em&#8221; text_orientation=&#8221;right&#8221; background_layout=&#8221;dark&#8221; max_width=&#8221;800px&#8221; header_2_font_size_tablet=&#8221;38px&#8221; header_2_font_size_phone=&#8221;26px&#8221; header_2_font_size_last_edited=&#8221;on|tablet&#8221; header_2_letter_spacing_tablet=&#8221;1px&#8221; header_2_letter_spacing_phone=&#8221;0px&#8221; header_2_letter_spacing_last_edited=&#8221;on|desktop&#8221; text_text_align=&#8221;right&#8221; locked=&#8221;off&#8221; global_colors_info=&#8221;{}&#8221; text_text_align_tablet=&#8221;left&#8221; text_text_align_last_edited=&#8221;on|desktop&#8221; text_text_align_phone=&#8221;left&#8221;]<\/p>\n<h2>Napisz do mnie<\/h2>\n<p>[\/et_pb_text][\/et_pb_column][et_pb_column type=&#8221;2_5&#8243; _builder_version=&#8221;4.16&#8243; custom_padding=&#8221;240px|20px|80px||false|false&#8221; custom_padding_tablet=&#8221;60px||60px||true|false&#8221; custom_padding_phone=&#8221;&#8221; custom_padding_last_edited=&#8221;on|desktop&#8221; global_colors_info=&#8221;{}&#8221;][et_pb_contact_form captcha=&#8221;off&#8221; email=&#8221;ogrody.marta.sapielak@gmail.com&#8221; success_message=&#8221;Dzi\u0119kuj\u0119 za wys\u0142anie wiadomo\u015bci!&#8221; _builder_version=&#8221;4.27.4&#8243; form_field_background_color=&#8221;rgba(0,0,0,0)&#8221; form_field_focus_background_color=&#8221;rgba(0,0,0,0.05)&#8221; form_field_custom_margin=&#8221;||32px||false|false&#8221; captcha_font=&#8221;Andada Pro||||||||&#8221; custom_button=&#8221;on&#8221; button_text_size=&#8221;15px&#8221; button_text_color=&#8221;rgba(204,63,175,0.72)&#8221; button_bg_color=&#8221;rgba(0,0,0,0)&#8221; button_bg_color_gradient_direction=&#8221;160deg&#8221; button_border_width=&#8221;1px&#8221; button_border_color=&#8221;rgba(204,63,175,0.72)&#8221; button_border_radius=&#8221;0px&#8221; button_letter_spacing=&#8221;2px&#8221; button_font=&#8221;Andada Pro|700||on|||||&#8221; button_use_icon=&#8221;off&#8221; button_custom_padding=&#8221;14px|24px|14px|24px|true|true&#8221; custom_margin=&#8221;|||-12%|false|false&#8221; custom_margin_tablet=&#8221;|||0%|false|false&#8221; custom_margin_phone=&#8221;&#8221; custom_margin_last_edited=&#8221;on|desktop&#8221; border_color_all=&#8221;rgba(0,0,0,0.05)&#8221; border_width_bottom=&#8221;1px&#8221; global_colors_info=&#8221;{}&#8221;][et_pb_contact_field field_id=&#8221;Name&#8221; field_title=&#8221;Imi\u0119 i nazwisko&#8221; fullwidth_field=&#8221;on&#8221; _builder_version=&#8221;4.27.4&#8243; global_colors_info=&#8221;{}&#8221; button_text_size__hover_enabled=&#8221;off&#8221; button_one_text_size__hover_enabled=&#8221;off&#8221; button_two_text_size__hover_enabled=&#8221;off&#8221; button_text_color__hover_enabled=&#8221;off&#8221; button_one_text_color__hover_enabled=&#8221;off&#8221; button_two_text_color__hover_enabled=&#8221;off&#8221; button_border_width__hover_enabled=&#8221;off&#8221; button_one_border_width__hover_enabled=&#8221;off&#8221; button_two_border_width__hover_enabled=&#8221;off&#8221; button_border_color__hover_enabled=&#8221;off&#8221; button_one_border_color__hover_enabled=&#8221;off&#8221; button_two_border_color__hover_enabled=&#8221;off&#8221; button_border_radius__hover_enabled=&#8221;off&#8221; button_one_border_radius__hover_enabled=&#8221;off&#8221; button_two_border_radius__hover_enabled=&#8221;off&#8221; button_letter_spacing__hover_enabled=&#8221;off&#8221; button_one_letter_spacing__hover_enabled=&#8221;off&#8221; button_two_letter_spacing__hover_enabled=&#8221;off&#8221; button_bg_color__hover_enabled=&#8221;off&#8221; button_one_bg_color__hover_enabled=&#8221;off&#8221; button_two_bg_color__hover_enabled=&#8221;off&#8221;][\/et_pb_contact_field][et_pb_contact_field field_id=&#8221;Email&#8221; field_title=&#8221;Adres e-mail&#8221; field_type=&#8221;email&#8221; fullwidth_field=&#8221;on&#8221; _builder_version=&#8221;4.27.4&#8243; global_colors_info=&#8221;{}&#8221; button_text_size__hover_enabled=&#8221;off&#8221; button_one_text_size__hover_enabled=&#8221;off&#8221; button_two_text_size__hover_enabled=&#8221;off&#8221; button_text_color__hover_enabled=&#8221;off&#8221; button_one_text_color__hover_enabled=&#8221;off&#8221; button_two_text_color__hover_enabled=&#8221;off&#8221; button_border_width__hover_enabled=&#8221;off&#8221; button_one_border_width__hover_enabled=&#8221;off&#8221; button_two_border_width__hover_enabled=&#8221;off&#8221; button_border_color__hover_enabled=&#8221;off&#8221; button_one_border_color__hover_enabled=&#8221;off&#8221; button_two_border_color__hover_enabled=&#8221;off&#8221; button_border_radius__hover_enabled=&#8221;off&#8221; button_one_border_radius__hover_enabled=&#8221;off&#8221; button_two_border_radius__hover_enabled=&#8221;off&#8221; button_letter_spacing__hover_enabled=&#8221;off&#8221; button_one_letter_spacing__hover_enabled=&#8221;off&#8221; button_two_letter_spacing__hover_enabled=&#8221;off&#8221; button_bg_color__hover_enabled=&#8221;off&#8221; button_one_bg_color__hover_enabled=&#8221;off&#8221; button_two_bg_color__hover_enabled=&#8221;off&#8221;][\/et_pb_contact_field][et_pb_contact_field field_id=&#8221;Message&#8221; field_title=&#8221;Wiadomo\u015b\u0107&#8221; field_type=&#8221;text&#8221; fullwidth_field=&#8221;on&#8221; _builder_version=&#8221;4.27.4&#8243; global_colors_info=&#8221;{}&#8221; button_text_size__hover_enabled=&#8221;off&#8221; button_one_text_size__hover_enabled=&#8221;off&#8221; button_two_text_size__hover_enabled=&#8221;off&#8221; button_text_color__hover_enabled=&#8221;off&#8221; button_one_text_color__hover_enabled=&#8221;off&#8221; button_two_text_color__hover_enabled=&#8221;off&#8221; button_border_width__hover_enabled=&#8221;off&#8221; button_one_border_width__hover_enabled=&#8221;off&#8221; button_two_border_width__hover_enabled=&#8221;off&#8221; button_border_color__hover_enabled=&#8221;off&#8221; button_one_border_color__hover_enabled=&#8221;off&#8221; button_two_border_color__hover_enabled=&#8221;off&#8221; button_border_radius__hover_enabled=&#8221;off&#8221; button_one_border_radius__hover_enabled=&#8221;off&#8221; button_two_border_radius__hover_enabled=&#8221;off&#8221; button_letter_spacing__hover_enabled=&#8221;off&#8221; button_one_letter_spacing__hover_enabled=&#8221;off&#8221; button_two_letter_spacing__hover_enabled=&#8221;off&#8221; button_bg_color__hover_enabled=&#8221;off&#8221; button_one_bg_color__hover_enabled=&#8221;off&#8221; button_two_bg_color__hover_enabled=&#8221;off&#8221;][\/et_pb_contact_field][\/et_pb_contact_form][\/et_pb_column][\/et_pb_row][\/et_pb_section][et_pb_section fb_built=&#8221;1&#8243; admin_label=&#8221;Footer&#8221; _builder_version=&#8221;4.16&#8243; custom_padding=&#8221;0px|||||&#8221; global_colors_info=&#8221;{}&#8221;][et_pb_row column_structure=&#8221;1_3,1_3,1_3&#8243; _builder_version=&#8221;4.16&#8243; z_index=&#8221;10&#8243; max_width=&#8221;960px&#8221; global_colors_info=&#8221;{}&#8221;][et_pb_column type=&#8221;1_3&#8243; _builder_version=&#8221;4.16&#8243; global_colors_info=&#8221;{}&#8221;][et_pb_blurb title=&#8221;Jestem tu ca\u0142a sob\u0105&#8221; image=&#8221;https:\/\/manufakturaumarty.pl\/wp-content\/uploads\/2025\/05\/manufakturaumarty_ikona_zen.png&#8221; _builder_version=&#8221;4.27.4&#8243; header_font=&#8221;Andada Pro|700|||||||&#8221; header_text_color=&#8221;#cc5bb5&#8243; header_font_size=&#8221;20px&#8221; header_line_height=&#8221;1.4em&#8221; body_font=&#8221;Andada Pro||||||||&#8221; body_font_size=&#8221;15px&#8221; text_orientation=&#8221;center&#8221; header_font_size_tablet=&#8221;20px&#8221; header_font_size_phone=&#8221;17px&#8221; header_font_size_last_edited=&#8221;on|phone&#8221; body_line_height_tablet=&#8221;&#8221; body_line_height_phone=&#8221;1.6em&#8221; body_line_height_last_edited=&#8221;on|phone&#8221; locked=&#8221;off&#8221; global_colors_info=&#8221;{}&#8221;]<\/p>\n<p>Jestem dumna z tego, co tworz\u0119<\/p>\n<p>[\/et_pb_blurb][\/et_pb_column][et_pb_column type=&#8221;1_3&#8243; _builder_version=&#8221;4.16&#8243; global_colors_info=&#8221;{}&#8221;][et_pb_blurb title=&#8221;Dzi\u0119kuj\u0119 za odwiedziny&#8221; image=&#8221;https:\/\/manufakturaumarty.pl\/wp-content\/uploads\/2025\/05\/manufakturaumarty_ikona_spotkanie.png&#8221; _builder_version=&#8221;4.27.4&#8243; header_font=&#8221;Andada Pro|700|||||||&#8221; header_text_color=&#8221;#cc5bb5&#8243; header_font_size=&#8221;20px&#8221; header_line_height=&#8221;1.4em&#8221; body_font=&#8221;Andada Pro||||||||&#8221; body_font_size=&#8221;15px&#8221; text_orientation=&#8221;center&#8221; header_font_size_tablet=&#8221;20px&#8221; header_font_size_phone=&#8221;17px&#8221; header_font_size_last_edited=&#8221;on|phone&#8221; body_line_height_tablet=&#8221;&#8221; body_line_height_phone=&#8221;1.6em&#8221; body_line_height_last_edited=&#8221;on|phone&#8221; locked=&#8221;off&#8221; global_colors_info=&#8221;{}&#8221;]<\/p>\n<p>Cudownie Ci\u0119 tu widziec<\/p>\n<p>[\/et_pb_blurb][\/et_pb_column][et_pb_column type=&#8221;1_3&#8243; _builder_version=&#8221;4.16&#8243; global_colors_info=&#8221;{}&#8221;][et_pb_image src=&#8221;https:\/\/manufakturaumarty.pl\/wp-content\/uploads\/2025\/01\/cropped-logo-1.png&#8221; align=&#8221;center&#8221; _builder_version=&#8221;4.27.4&#8243; _module_preset=&#8221;default&#8221; hover_enabled=&#8221;0&#8243; global_colors_info=&#8221;{}&#8221; sticky_enabled=&#8221;0&#8243;][\/et_pb_image][\/et_pb_column][\/et_pb_row][\/et_pb_section]<\/p>\n","protected":false},"excerpt":{"rendered":"<p>Kontaktkontakt@manufakturaumarty.plCodziennie: 08:00 &#8211; 16:00Napisz do mnieJestem dumna z tego, co tworz\u0119Cudownie Ci\u0119 tu widziec<\/p>\n","protected":false},"author":1,"featured_media":0,"parent":0,"menu_order":0,"comment_status":"closed","ping_status":"closed","template":"","meta":{"_et_pb_use_builder":"on","_et_pb_old_content":"","_et_gb_content_width":"","_glsr_average":0,"_glsr_ranking":0,"_glsr_reviews":0,"footnotes":""},"class_list":["post-2030","page","type-page","status-publish","hentry"],"yoast_head":"<!-- This site is optimized with the Yoast SEO plugin v25.8 - https:\/\/yoast.com\/wordpress\/plugins\/seo\/ -->\n<title>Kontakt - manufakturaumarty<\/title>\n<meta name=\"robots\" content=\"index, follow, max-snippet:-1, max-image-preview:large, max-video-preview:-1\" \/>\n<link rel=\"canonical\" href=\"https:\/\/manufakturaumarty.pl\/?page_id=2030\" \/>\n<meta property=\"og:locale\" content=\"pl_PL\" \/>\n<meta property=\"og:type\" content=\"article\" \/>\n<meta property=\"og:title\" content=\"Kontakt - manufakturaumarty\" \/>\n<meta property=\"og:description\" content=\"Kontaktkontakt@manufakturaumarty.plCodziennie: 08:00 - 16:00Napisz do mnieJestem dumna z tego, co tworz\u0119Cudownie Ci\u0119 tu widziec\" \/>\n<meta property=\"og:url\" content=\"https:\/\/manufakturaumarty.pl\/?page_id=2030\" \/>\n<meta property=\"og:site_name\" content=\"manufakturaumarty\" \/>\n<meta property=\"article:modified_time\" content=\"2025-08-19T20:06:33+00:00\" \/>\n<meta name=\"twitter:card\" content=\"summary_large_image\" \/>\n<script type=\"application\/ld+json\" class=\"yoast-schema-graph\">{\"@context\":\"https:\/\/schema.org\",\"@graph\":[{\"@type\":\"WebPage\",\"@id\":\"https:\/\/manufakturaumarty.pl\/?page_id=2030\",\"url\":\"https:\/\/manufakturaumarty.pl\/?page_id=2030\",\"name\":\"Kontakt - manufakturaumarty\",\"isPartOf\":{\"@id\":\"https:\/\/manufakturaumarty.pl\/#website\"},\"datePublished\":\"2025-06-03T22:03:05+00:00\",\"dateModified\":\"2025-08-19T20:06:33+00:00\",\"breadcrumb\":{\"@id\":\"https:\/\/manufakturaumarty.pl\/?page_id=2030#breadcrumb\"},\"inLanguage\":\"pl-PL\",\"potentialAction\":[{\"@type\":\"ReadAction\",\"target\":[\"https:\/\/manufakturaumarty.pl\/?page_id=2030\"]}]},{\"@type\":\"BreadcrumbList\",\"@id\":\"https:\/\/manufakturaumarty.pl\/?page_id=2030#breadcrumb\",\"itemListElement\":[{\"@type\":\"ListItem\",\"position\":1,\"name\":\"Strona g\u0142\u00f3wna\",\"item\":\"https:\/\/manufakturaumarty.pl\/\"},{\"@type\":\"ListItem\",\"position\":2,\"name\":\"Kontakt\"}]},{\"@type\":\"WebSite\",\"@id\":\"https:\/\/manufakturaumarty.pl\/#website\",\"url\":\"https:\/\/manufakturaumarty.pl\/\",\"name\":\"manufakturaumarty\",\"description\":\"Otul si\u0119 zapachem\",\"publisher\":{\"@id\":\"https:\/\/manufakturaumarty.pl\/#organization\"},\"potentialAction\":[{\"@type\":\"SearchAction\",\"target\":{\"@type\":\"EntryPoint\",\"urlTemplate\":\"https:\/\/manufakturaumarty.pl\/?s={search_term_string}\"},\"query-input\":{\"@type\":\"PropertyValueSpecification\",\"valueRequired\":true,\"valueName\":\"search_term_string\"}}],\"inLanguage\":\"pl-PL\"},{\"@type\":\"Organization\",\"@id\":\"https:\/\/manufakturaumarty.pl\/#organization\",\"name\":\"manufakturaumarty\",\"url\":\"https:\/\/manufakturaumarty.pl\/\",\"logo\":{\"@type\":\"ImageObject\",\"inLanguage\":\"pl-PL\",\"@id\":\"https:\/\/manufakturaumarty.pl\/#\/schema\/logo\/image\/\",\"url\":\"https:\/\/manufakturaumarty.pl\/wp-content\/uploads\/2025\/01\/logo-1.png\",\"contentUrl\":\"https:\/\/manufakturaumarty.pl\/wp-content\/uploads\/2025\/01\/logo-1.png\",\"width\":500,\"height\":500,\"caption\":\"manufakturaumarty\"},\"image\":{\"@id\":\"https:\/\/manufakturaumarty.pl\/#\/schema\/logo\/image\/\"}}]}<\/script>\n<!-- \/ Yoast SEO plugin. -->","yoast_head_json":{"title":"Kontakt - manufakturaumarty","robots":{"index":"index","follow":"follow","max-snippet":"max-snippet:-1","max-image-preview":"max-image-preview:large","max-video-preview":"max-video-preview:-1"},"canonical":"https:\/\/manufakturaumarty.pl\/?page_id=2030","og_locale":"pl_PL","og_type":"article","og_title":"Kontakt - manufakturaumarty","og_description":"Kontaktkontakt@manufakturaumarty.plCodziennie: 08:00 - 16:00Napisz do mnieJestem dumna z tego, co tworz\u0119Cudownie Ci\u0119 tu widziec","og_url":"https:\/\/manufakturaumarty.pl\/?page_id=2030","og_site_name":"manufakturaumarty","article_modified_time":"2025-08-19T20:06:33+00:00","twitter_card":"summary_large_image","schema":{"@context":"https:\/\/schema.org","@graph":[{"@type":"WebPage","@id":"https:\/\/manufakturaumarty.pl\/?page_id=2030","url":"https:\/\/manufakturaumarty.pl\/?page_id=2030","name":"Kontakt - manufakturaumarty","isPartOf":{"@id":"https:\/\/manufakturaumarty.pl\/#website"},"datePublished":"2025-06-03T22:03:05+00:00","dateModified":"2025-08-19T20:06:33+00:00","breadcrumb":{"@id":"https:\/\/manufakturaumarty.pl\/?page_id=2030#breadcrumb"},"inLanguage":"pl-PL","potentialAction":[{"@type":"ReadAction","target":["https:\/\/manufakturaumarty.pl\/?page_id=2030"]}]},{"@type":"BreadcrumbList","@id":"https:\/\/manufakturaumarty.pl\/?page_id=2030#breadcrumb","itemListElement":[{"@type":"ListItem","position":1,"name":"Strona g\u0142\u00f3wna","item":"https:\/\/manufakturaumarty.pl\/"},{"@type":"ListItem","position":2,"name":"Kontakt"}]},{"@type":"WebSite","@id":"https:\/\/manufakturaumarty.pl\/#website","url":"https:\/\/manufakturaumarty.pl\/","name":"manufakturaumarty","description":"Otul si\u0119 zapachem","publisher":{"@id":"https:\/\/manufakturaumarty.pl\/#organization"},"potentialAction":[{"@type":"SearchAction","target":{"@type":"EntryPoint","urlTemplate":"https:\/\/manufakturaumarty.pl\/?s={search_term_string}"},"query-input":{"@type":"PropertyValueSpecification","valueRequired":true,"valueName":"search_term_string"}}],"inLanguage":"pl-PL"},{"@type":"Organization","@id":"https:\/\/manufakturaumarty.pl\/#organization","name":"manufakturaumarty","url":"https:\/\/manufakturaumarty.pl\/","logo":{"@type":"ImageObject","inLanguage":"pl-PL","@id":"https:\/\/manufakturaumarty.pl\/#\/schema\/logo\/image\/","url":"https:\/\/manufakturaumarty.pl\/wp-content\/uploads\/2025\/01\/logo-1.png","contentUrl":"https:\/\/manufakturaumarty.pl\/wp-content\/uploads\/2025\/01\/logo-1.png","width":500,"height":500,"caption":"manufakturaumarty"},"image":{"@id":"https:\/\/manufakturaumarty.pl\/#\/schema\/logo\/image\/"}}]}},"jetpack_sharing_enabled":true,"_links":{"self":[{"href":"https:\/\/manufakturaumarty.pl\/index.php?rest_route=\/wp\/v2\/pages\/2030","targetHints":{"allow":["GET"]}}],"collection":[{"href":"https:\/\/manufakturaumarty.pl\/index.php?rest_route=\/wp\/v2\/pages"}],"about":[{"href":"https:\/\/manufakturaumarty.pl\/index.php?rest_route=\/wp\/v2\/types\/page"}],"author":[{"embeddable":true,"href":"https:\/\/manufakturaumarty.pl\/index.php?rest_route=\/wp\/v2\/users\/1"}],"replies":[{"embeddable":true,"href":"https:\/\/manufakturaumarty.pl\/index.php?rest_route=%2Fwp%2Fv2%2Fcomments&post=2030"}],"version-history":[{"count":15,"href":"https:\/\/manufakturaumarty.pl\/index.php?rest_route=\/wp\/v2\/pages\/2030\/revisions"}],"predecessor-version":[{"id":2397,"href":"https:\/\/manufakturaumarty.pl\/index.php?rest_route=\/wp\/v2\/pages\/2030\/revisions\/2397"}],"wp:attachment":[{"href":"https:\/\/manufakturaumarty.pl\/index.php?rest_route=%2Fwp%2Fv2%2Fmedia&parent=2030"}],"curies":[{"name":"wp","href":"https:\/\/api.w.org\/{rel}","templated":true}]}}