{"id":2091,"date":"2025-06-25T15:03:41","date_gmt":"2025-06-25T13:03:41","guid":{"rendered":"https:\/\/manufakturaumarty.pl\/?post_type=product&#038;p=2091"},"modified":"2025-08-23T14:19:54","modified_gmt":"2025-08-23T12:19:54","slug":"box-prezentowy-zestaw-4-sztuk-woskow-do-kominka-stokrotka-rozowa","status":"publish","type":"product","link":"https:\/\/manufakturaumarty.pl\/?product=box-prezentowy-zestaw-4-sztuk-woskow-do-kominka-stokrotka-rozowa","title":{"rendered":"Box prezentowy \u2013 zestaw 4 sztuk wosk\u00f3w do kominka Stokrotka r\u00f3\u017cowa"},"content":{"rendered":"<ul>\n<li>Gramatura: 1 stokrotki 20 gram<\/li>\n<li>4 stokrotki<\/li>\n<li>Grubo\u015b\u0107 stokrotki: 1,5 cm<\/li>\n<\/ul>\n<p style=\"font-weight: 400;\"><strong>Sk\u0142ad wosku:<\/strong><\/p>\n<ul>\n<li>Najwy\u017cszej jako\u015bci wosk sojowy<\/li>\n<li>Olejki najwy\u017cszej jako\u015bci<\/li>\n<\/ul>\n<p style=\"font-weight: 400;\"><strong>Zapach \u015bwiecy:<\/strong><\/p>\n<ul>\n<li>\u015awie\u017co ci\u0119ta piwonia<\/li>\n<li>Czekolada<\/li>\n<li>Bergamotka i cedr<\/li>\n<li>Aloes<\/li>\n<li>Soczysta Pomara\u0144cza<\/li>\n<li>Lawenda<\/li>\n<li>Wanilia<\/li>\n<li>Gruszka i przyprawy<\/li>\n<li>Kawa<\/li>\n<li>Groszek pachn\u0105cy<\/li>\n<li>Frezja<\/li>\n<li>Fio\u0142ek<\/li>\n<li>Konwalia<\/li>\n<li>Maciejka<\/li>\n<li>R\u00f3\u017ca<\/li>\n<\/ul>\n<p style=\"font-weight: 400;\">Czas realizacji 2- 5 dni roboczych<\/p>\n<p><span style=\"font-weight: 400;\">Przy zam\u00f3wieniu wi\u0119kszych ilo\u015bci prosz\u0119 o kontakt mailowy <\/span><\/p>\n","protected":false},"excerpt":{"rendered":"<p>Gramatura: 1 stokrotki 20 gram 4 stokrotki Grubo\u015b\u0107 stokrotki: 1,5 cm Sk\u0142ad wosku: Najwy\u017cszej jako\u015bci wosk sojowy Olejki najwy\u017cszej jako\u015bci Zapach \u015bwiecy: \u015awie\u017co ci\u0119ta piwonia Czekolada Bergamotka i cedr Aloes Soczysta Pomara\u0144cza Lawenda Wanilia Gruszka i przyprawy Kawa Groszek pachn\u0105cy Frezja Fio\u0142ek Konwalia Maciejka R\u00f3\u017ca Czas realizacji 2- 5 dni roboczych Przy zam\u00f3wieniu wi\u0119kszych ilo\u015bci [&hellip;]<\/p>\n","protected":false},"featured_media":2095,"comment_status":"open","ping_status":"closed","template":"","meta":{"_et_pb_use_builder":"","_et_pb_old_content":"","_et_gb_content_width":"","_glsr_average":0,"_glsr_ranking":0,"_glsr_reviews":0},"product_brand":[],"product_cat":[205],"product_tag":[],"class_list":{"0":"post-2091","1":"product","2":"type-product","3":"status-publish","4":"has-post-thumbnail","6":"product_cat-woski-do-kominka","8":"first","9":"onbackorder","10":"taxable","11":"shipping-taxable","12":"purchasable","13":"product-type-variable"},"yoast_head":"<!-- This site is optimized with the Yoast SEO plugin v25.8 - https:\/\/yoast.com\/wordpress\/plugins\/seo\/ -->\n<title>Box prezentowy \u2013 zestaw 4 sztuk wosk\u00f3w do kominka Stokrotka r\u00f3\u017cowa - manufakturaumarty<\/title>\n<meta name=\"robots\" content=\"index, follow, max-snippet:-1, max-image-preview:large, max-video-preview:-1\" \/>\n<link rel=\"canonical\" href=\"https:\/\/manufakturaumarty.pl\/?product=box-prezentowy-zestaw-4-sztuk-woskow-do-kominka-stokrotka-rozowa\" \/>\n<meta property=\"og:locale\" content=\"pl_PL\" \/>\n<meta property=\"og:type\" content=\"article\" \/>\n<meta property=\"og:title\" content=\"Box prezentowy \u2013 zestaw 4 sztuk wosk\u00f3w do kominka Stokrotka r\u00f3\u017cowa - manufakturaumarty\" \/>\n<meta property=\"og:description\" content=\"Gramatura: 1 stokrotki 20 gram 4 stokrotki Grubo\u015b\u0107 stokrotki: 1,5 cm Sk\u0142ad wosku: Najwy\u017cszej jako\u015bci wosk sojowy Olejki najwy\u017cszej jako\u015bci Zapach \u015bwiecy: \u015awie\u017co ci\u0119ta piwonia Czekolada Bergamotka i cedr Aloes Soczysta Pomara\u0144cza Lawenda Wanilia Gruszka i przyprawy Kawa Groszek pachn\u0105cy Frezja Fio\u0142ek Konwalia Maciejka R\u00f3\u017ca Czas realizacji 2- 5 dni roboczych Przy zam\u00f3wieniu wi\u0119kszych ilo\u015bci [&hellip;]\" \/>\n<meta property=\"og:url\" content=\"https:\/\/manufakturaumarty.pl\/?product=box-prezentowy-zestaw-4-sztuk-woskow-do-kominka-stokrotka-rozowa\" \/>\n<meta property=\"og:site_name\" content=\"manufakturaumarty\" \/>\n<meta property=\"article:modified_time\" content=\"2025-08-23T12:19:54+00:00\" \/>\n<meta property=\"og:image\" content=\"https:\/\/manufakturaumarty.pl\/wp-content\/uploads\/2025\/06\/manufakturaumarty_box_wosk_stokrotka_roz_1.jpeg\" \/>\n\t<meta property=\"og:image:width\" content=\"1500\" \/>\n\t<meta property=\"og:image:height\" content=\"2000\" \/>\n\t<meta property=\"og:image:type\" content=\"image\/jpeg\" \/>\n<meta name=\"twitter:card\" content=\"summary_large_image\" \/>\n<meta name=\"twitter:label1\" content=\"Szacowany czas czytania\" \/>\n\t<meta name=\"twitter:data1\" content=\"1 minuta\" \/>\n<script type=\"application\/ld+json\" class=\"yoast-schema-graph\">{\"@context\":\"https:\/\/schema.org\",\"@graph\":[{\"@type\":\"WebPage\",\"@id\":\"https:\/\/manufakturaumarty.pl\/?product=box-prezentowy-zestaw-4-sztuk-woskow-do-kominka-stokrotka-rozowa\",\"url\":\"https:\/\/manufakturaumarty.pl\/?product=box-prezentowy-zestaw-4-sztuk-woskow-do-kominka-stokrotka-rozowa\",\"name\":\"Box prezentowy \u2013 zestaw 4 sztuk wosk\u00f3w do kominka Stokrotka r\u00f3\u017cowa - manufakturaumarty\",\"isPartOf\":{\"@id\":\"https:\/\/manufakturaumarty.pl\/#website\"},\"primaryImageOfPage\":{\"@id\":\"https:\/\/manufakturaumarty.pl\/?product=box-prezentowy-zestaw-4-sztuk-woskow-do-kominka-stokrotka-rozowa#primaryimage\"},\"image\":{\"@id\":\"https:\/\/manufakturaumarty.pl\/?product=box-prezentowy-zestaw-4-sztuk-woskow-do-kominka-stokrotka-rozowa#primaryimage\"},\"thumbnailUrl\":\"https:\/\/manufakturaumarty.pl\/wp-content\/uploads\/2025\/06\/manufakturaumarty_box_wosk_stokrotka_roz_1.jpeg\",\"datePublished\":\"2025-06-25T13:03:41+00:00\",\"dateModified\":\"2025-08-23T12:19:54+00:00\",\"breadcrumb\":{\"@id\":\"https:\/\/manufakturaumarty.pl\/?product=box-prezentowy-zestaw-4-sztuk-woskow-do-kominka-stokrotka-rozowa#breadcrumb\"},\"inLanguage\":\"pl-PL\",\"potentialAction\":[{\"@type\":\"ReadAction\",\"target\":[\"https:\/\/manufakturaumarty.pl\/?product=box-prezentowy-zestaw-4-sztuk-woskow-do-kominka-stokrotka-rozowa\"]}]},{\"@type\":\"ImageObject\",\"inLanguage\":\"pl-PL\",\"@id\":\"https:\/\/manufakturaumarty.pl\/?product=box-prezentowy-zestaw-4-sztuk-woskow-do-kominka-stokrotka-rozowa#primaryimage\",\"url\":\"https:\/\/manufakturaumarty.pl\/wp-content\/uploads\/2025\/06\/manufakturaumarty_box_wosk_stokrotka_roz_1.jpeg\",\"contentUrl\":\"https:\/\/manufakturaumarty.pl\/wp-content\/uploads\/2025\/06\/manufakturaumarty_box_wosk_stokrotka_roz_1.jpeg\",\"width\":1500,\"height\":2000},{\"@type\":\"BreadcrumbList\",\"@id\":\"https:\/\/manufakturaumarty.pl\/?product=box-prezentowy-zestaw-4-sztuk-woskow-do-kominka-stokrotka-rozowa#breadcrumb\",\"itemListElement\":[{\"@type\":\"ListItem\",\"position\":1,\"name\":\"Strona g\u0142\u00f3wna\",\"item\":\"https:\/\/manufakturaumarty.pl\/\"},{\"@type\":\"ListItem\",\"position\":2,\"name\":\"Shop\",\"item\":\"https:\/\/manufakturaumarty.pl\/?page_id=6\"},{\"@type\":\"ListItem\",\"position\":3,\"name\":\"Box prezentowy \u2013 zestaw 4 sztuk wosk\u00f3w do kominka Stokrotka r\u00f3\u017cowa\"}]},{\"@type\":\"WebSite\",\"@id\":\"https:\/\/manufakturaumarty.pl\/#website\",\"url\":\"https:\/\/manufakturaumarty.pl\/\",\"name\":\"manufakturaumarty\",\"description\":\"Otul si\u0119 zapachem\",\"publisher\":{\"@id\":\"https:\/\/manufakturaumarty.pl\/#organization\"},\"potentialAction\":[{\"@type\":\"SearchAction\",\"target\":{\"@type\":\"EntryPoint\",\"urlTemplate\":\"https:\/\/manufakturaumarty.pl\/?s={search_term_string}\"},\"query-input\":{\"@type\":\"PropertyValueSpecification\",\"valueRequired\":true,\"valueName\":\"search_term_string\"}}],\"inLanguage\":\"pl-PL\"},{\"@type\":\"Organization\",\"@id\":\"https:\/\/manufakturaumarty.pl\/#organization\",\"name\":\"manufakturaumarty\",\"url\":\"https:\/\/manufakturaumarty.pl\/\",\"logo\":{\"@type\":\"ImageObject\",\"inLanguage\":\"pl-PL\",\"@id\":\"https:\/\/manufakturaumarty.pl\/#\/schema\/logo\/image\/\",\"url\":\"https:\/\/manufakturaumarty.pl\/wp-content\/uploads\/2025\/01\/logo-1.png\",\"contentUrl\":\"https:\/\/manufakturaumarty.pl\/wp-content\/uploads\/2025\/01\/logo-1.png\",\"width\":500,\"height\":500,\"caption\":\"manufakturaumarty\"},\"image\":{\"@id\":\"https:\/\/manufakturaumarty.pl\/#\/schema\/logo\/image\/\"}}]}<\/script>\n<!-- \/ Yoast SEO plugin. -->","yoast_head_json":{"title":"Box prezentowy \u2013 zestaw 4 sztuk wosk\u00f3w do kominka Stokrotka r\u00f3\u017cowa - manufakturaumarty","robots":{"index":"index","follow":"follow","max-snippet":"max-snippet:-1","max-image-preview":"max-image-preview:large","max-video-preview":"max-video-preview:-1"},"canonical":"https:\/\/manufakturaumarty.pl\/?product=box-prezentowy-zestaw-4-sztuk-woskow-do-kominka-stokrotka-rozowa","og_locale":"pl_PL","og_type":"article","og_title":"Box prezentowy \u2013 zestaw 4 sztuk wosk\u00f3w do kominka Stokrotka r\u00f3\u017cowa - manufakturaumarty","og_description":"Gramatura: 1 stokrotki 20 gram 4 stokrotki Grubo\u015b\u0107 stokrotki: 1,5 cm Sk\u0142ad wosku: Najwy\u017cszej jako\u015bci wosk sojowy Olejki najwy\u017cszej jako\u015bci Zapach \u015bwiecy: \u015awie\u017co ci\u0119ta piwonia Czekolada Bergamotka i cedr Aloes Soczysta Pomara\u0144cza Lawenda Wanilia Gruszka i przyprawy Kawa Groszek pachn\u0105cy Frezja Fio\u0142ek Konwalia Maciejka R\u00f3\u017ca Czas realizacji 2- 5 dni roboczych Przy zam\u00f3wieniu wi\u0119kszych ilo\u015bci [&hellip;]","og_url":"https:\/\/manufakturaumarty.pl\/?product=box-prezentowy-zestaw-4-sztuk-woskow-do-kominka-stokrotka-rozowa","og_site_name":"manufakturaumarty","article_modified_time":"2025-08-23T12:19:54+00:00","og_image":[{"width":1500,"height":2000,"url":"https:\/\/manufakturaumarty.pl\/wp-content\/uploads\/2025\/06\/manufakturaumarty_box_wosk_stokrotka_roz_1.jpeg","type":"image\/jpeg"}],"twitter_card":"summary_large_image","twitter_misc":{"Szacowany czas czytania":"1 minuta"},"schema":{"@context":"https:\/\/schema.org","@graph":[{"@type":"WebPage","@id":"https:\/\/manufakturaumarty.pl\/?product=box-prezentowy-zestaw-4-sztuk-woskow-do-kominka-stokrotka-rozowa","url":"https:\/\/manufakturaumarty.pl\/?product=box-prezentowy-zestaw-4-sztuk-woskow-do-kominka-stokrotka-rozowa","name":"Box prezentowy \u2013 zestaw 4 sztuk wosk\u00f3w do kominka Stokrotka r\u00f3\u017cowa - manufakturaumarty","isPartOf":{"@id":"https:\/\/manufakturaumarty.pl\/#website"},"primaryImageOfPage":{"@id":"https:\/\/manufakturaumarty.pl\/?product=box-prezentowy-zestaw-4-sztuk-woskow-do-kominka-stokrotka-rozowa#primaryimage"},"image":{"@id":"https:\/\/manufakturaumarty.pl\/?product=box-prezentowy-zestaw-4-sztuk-woskow-do-kominka-stokrotka-rozowa#primaryimage"},"thumbnailUrl":"https:\/\/manufakturaumarty.pl\/wp-content\/uploads\/2025\/06\/manufakturaumarty_box_wosk_stokrotka_roz_1.jpeg","datePublished":"2025-06-25T13:03:41+00:00","dateModified":"2025-08-23T12:19:54+00:00","breadcrumb":{"@id":"https:\/\/manufakturaumarty.pl\/?product=box-prezentowy-zestaw-4-sztuk-woskow-do-kominka-stokrotka-rozowa#breadcrumb"},"inLanguage":"pl-PL","potentialAction":[{"@type":"ReadAction","target":["https:\/\/manufakturaumarty.pl\/?product=box-prezentowy-zestaw-4-sztuk-woskow-do-kominka-stokrotka-rozowa"]}]},{"@type":"ImageObject","inLanguage":"pl-PL","@id":"https:\/\/manufakturaumarty.pl\/?product=box-prezentowy-zestaw-4-sztuk-woskow-do-kominka-stokrotka-rozowa#primaryimage","url":"https:\/\/manufakturaumarty.pl\/wp-content\/uploads\/2025\/06\/manufakturaumarty_box_wosk_stokrotka_roz_1.jpeg","contentUrl":"https:\/\/manufakturaumarty.pl\/wp-content\/uploads\/2025\/06\/manufakturaumarty_box_wosk_stokrotka_roz_1.jpeg","width":1500,"height":2000},{"@type":"BreadcrumbList","@id":"https:\/\/manufakturaumarty.pl\/?product=box-prezentowy-zestaw-4-sztuk-woskow-do-kominka-stokrotka-rozowa#breadcrumb","itemListElement":[{"@type":"ListItem","position":1,"name":"Strona g\u0142\u00f3wna","item":"https:\/\/manufakturaumarty.pl\/"},{"@type":"ListItem","position":2,"name":"Shop","item":"https:\/\/manufakturaumarty.pl\/?page_id=6"},{"@type":"ListItem","position":3,"name":"Box prezentowy \u2013 zestaw 4 sztuk wosk\u00f3w do kominka Stokrotka r\u00f3\u017cowa"}]},{"@type":"WebSite","@id":"https:\/\/manufakturaumarty.pl\/#website","url":"https:\/\/manufakturaumarty.pl\/","name":"manufakturaumarty","description":"Otul si\u0119 zapachem","publisher":{"@id":"https:\/\/manufakturaumarty.pl\/#organization"},"potentialAction":[{"@type":"SearchAction","target":{"@type":"EntryPoint","urlTemplate":"https:\/\/manufakturaumarty.pl\/?s={search_term_string}"},"query-input":{"@type":"PropertyValueSpecification","valueRequired":true,"valueName":"search_term_string"}}],"inLanguage":"pl-PL"},{"@type":"Organization","@id":"https:\/\/manufakturaumarty.pl\/#organization","name":"manufakturaumarty","url":"https:\/\/manufakturaumarty.pl\/","logo":{"@type":"ImageObject","inLanguage":"pl-PL","@id":"https:\/\/manufakturaumarty.pl\/#\/schema\/logo\/image\/","url":"https:\/\/manufakturaumarty.pl\/wp-content\/uploads\/2025\/01\/logo-1.png","contentUrl":"https:\/\/manufakturaumarty.pl\/wp-content\/uploads\/2025\/01\/logo-1.png","width":500,"height":500,"caption":"manufakturaumarty"},"image":{"@id":"https:\/\/manufakturaumarty.pl\/#\/schema\/logo\/image\/"}}]}},"jetpack_sharing_enabled":true,"_links":{"self":[{"href":"https:\/\/manufakturaumarty.pl\/index.php?rest_route=\/wp\/v2\/product\/2091","targetHints":{"allow":["GET"]}}],"collection":[{"href":"https:\/\/manufakturaumarty.pl\/index.php?rest_route=\/wp\/v2\/product"}],"about":[{"href":"https:\/\/manufakturaumarty.pl\/index.php?rest_route=\/wp\/v2\/types\/product"}],"replies":[{"embeddable":true,"href":"https:\/\/manufakturaumarty.pl\/index.php?rest_route=%2Fwp%2Fv2%2Fcomments&post=2091"}],"wp:featuredmedia":[{"embeddable":true,"href":"https:\/\/manufakturaumarty.pl\/index.php?rest_route=\/wp\/v2\/media\/2095"}],"wp:attachment":[{"href":"https:\/\/manufakturaumarty.pl\/index.php?rest_route=%2Fwp%2Fv2%2Fmedia&parent=2091"}],"wp:term":[{"taxonomy":"product_brand","embeddable":true,"href":"https:\/\/manufakturaumarty.pl\/index.php?rest_route=%2Fwp%2Fv2%2Fproduct_brand&post=2091"},{"taxonomy":"product_cat","embeddable":true,"href":"https:\/\/manufakturaumarty.pl\/index.php?rest_route=%2Fwp%2Fv2%2Fproduct_cat&post=2091"},{"taxonomy":"product_tag","embeddable":true,"href":"https:\/\/manufakturaumarty.pl\/index.php?rest_route=%2Fwp%2Fv2%2Fproduct_tag&post=2091"}],"curies":[{"name":"wp","href":"https:\/\/api.w.org\/{rel}","templated":true}]}}