{"id":2228,"date":"2025-08-19T13:50:33","date_gmt":"2025-08-19T11:50:33","guid":{"rendered":"https:\/\/manufakturaumarty.pl\/?post_type=product&#038;p=2228"},"modified":"2025-08-23T12:07:42","modified_gmt":"2025-08-23T10:07:42","slug":"tealighty-sojowe","status":"publish","type":"product","link":"https:\/\/manufakturaumarty.pl\/?product=tealighty-sojowe","title":{"rendered":"Tealighty sojowe"},"content":{"rendered":"<p>Kominki, woski sojowe, ale i t-lighty sojowe, to\u00a0doskona\u0142a alternatywa dla \u015bwiec sojowych. Wosk sojowy, kt\u00f3ry rozpuszcza si\u0119 w kominku, nie spe\u0142ni swoich funkcji bez t-lighta, kt\u00f3ry gra tu r\u00f3wnie wa\u017cn\u0105 rol\u0119. Pe\u0142ni\u0105 one troch\u0119 inn\u0105, ale niezwykle wa\u017cn\u0105 funkcj\u0119. Pozwalaj\u0105 stworzy\u0107 niesamowity nastr\u00f3j, ale i\u00a0pozwalaj\u0105 wydoby\u0107 niesamowity zapach wosku sojowego, kt\u00f3ry roztopi\u0105 swoim ciep\u0142em. Podgrzewacze te charakteryzuj\u0105 si\u0119 wysok\u0105 jako\u015bci\u0105. Tworzone s\u0105 r\u0119cznie z dba\u0142o\u015bci\u0105 nawet o najmniejsze detale. S\u0105 w 100 % naturalne. Zestaw 7 sztuk podgrzewaczy.<\/p>\n<p style=\"font-weight: 400;\">Czas realizacji 2- 5 dni roboczych<\/p>\n","protected":false},"excerpt":{"rendered":"<p>Kominki, woski sojowe, ale i t-lighty sojowe, to\u00a0doskona\u0142a alternatywa dla \u015bwiec sojowych. Wosk sojowy, kt\u00f3ry rozpuszcza si\u0119 w kominku, nie spe\u0142ni swoich funkcji bez t-lighta, kt\u00f3ry gra tu r\u00f3wnie wa\u017cn\u0105 rol\u0119. Pe\u0142ni\u0105 one troch\u0119 inn\u0105, ale niezwykle wa\u017cn\u0105 funkcj\u0119. Pozwalaj\u0105 stworzy\u0107 niesamowity nastr\u00f3j, ale i\u00a0pozwalaj\u0105 wydoby\u0107 niesamowity zapach wosku sojowego, kt\u00f3ry roztopi\u0105 swoim ciep\u0142em. Podgrzewacze [&hellip;]<\/p>\n","protected":false},"featured_media":2226,"comment_status":"open","ping_status":"closed","template":"","meta":{"_et_pb_use_builder":"","_et_pb_old_content":"","_et_gb_content_width":"","_glsr_average":0,"_glsr_ranking":0,"_glsr_reviews":0},"product_brand":[],"product_cat":[204],"product_tag":[],"class_list":{"0":"post-2228","1":"product","2":"type-product","3":"status-publish","4":"has-post-thumbnail","6":"product_cat-tealighty","8":"first","9":"onbackorder","10":"taxable","11":"shipping-taxable","12":"purchasable","13":"product-type-simple"},"yoast_head":"<!-- This site is optimized with the Yoast SEO plugin v25.8 - https:\/\/yoast.com\/wordpress\/plugins\/seo\/ -->\n<title>Tealighty sojowe - manufakturaumarty<\/title>\n<meta name=\"robots\" content=\"index, follow, max-snippet:-1, max-image-preview:large, max-video-preview:-1\" \/>\n<link rel=\"canonical\" href=\"https:\/\/manufakturaumarty.pl\/?product=tealighty-sojowe\" \/>\n<meta property=\"og:locale\" content=\"pl_PL\" \/>\n<meta property=\"og:type\" content=\"article\" \/>\n<meta property=\"og:title\" content=\"Tealighty sojowe - manufakturaumarty\" \/>\n<meta property=\"og:description\" content=\"Kominki, woski sojowe, ale i t-lighty sojowe, to\u00a0doskona\u0142a alternatywa dla \u015bwiec sojowych. Wosk sojowy, kt\u00f3ry rozpuszcza si\u0119 w kominku, nie spe\u0142ni swoich funkcji bez t-lighta, kt\u00f3ry gra tu r\u00f3wnie wa\u017cn\u0105 rol\u0119. Pe\u0142ni\u0105 one troch\u0119 inn\u0105, ale niezwykle wa\u017cn\u0105 funkcj\u0119. Pozwalaj\u0105 stworzy\u0107 niesamowity nastr\u00f3j, ale i\u00a0pozwalaj\u0105 wydoby\u0107 niesamowity zapach wosku sojowego, kt\u00f3ry roztopi\u0105 swoim ciep\u0142em. Podgrzewacze [&hellip;]\" \/>\n<meta property=\"og:url\" content=\"https:\/\/manufakturaumarty.pl\/?product=tealighty-sojowe\" \/>\n<meta property=\"og:site_name\" content=\"manufakturaumarty\" \/>\n<meta property=\"article:modified_time\" content=\"2025-08-23T10:07:42+00:00\" \/>\n<meta property=\"og:image\" content=\"https:\/\/manufakturaumarty.pl\/wp-content\/uploads\/2025\/08\/IMG_20250217_105629-scaled.jpg\" \/>\n\t<meta property=\"og:image:width\" content=\"1920\" \/>\n\t<meta property=\"og:image:height\" content=\"2560\" \/>\n\t<meta property=\"og:image:type\" content=\"image\/jpeg\" \/>\n<meta name=\"twitter:card\" content=\"summary_large_image\" \/>\n<meta name=\"twitter:label1\" content=\"Szacowany czas czytania\" \/>\n\t<meta name=\"twitter:data1\" content=\"1 minuta\" \/>\n<script type=\"application\/ld+json\" class=\"yoast-schema-graph\">{\"@context\":\"https:\/\/schema.org\",\"@graph\":[{\"@type\":\"WebPage\",\"@id\":\"https:\/\/manufakturaumarty.pl\/?product=tealighty-sojowe\",\"url\":\"https:\/\/manufakturaumarty.pl\/?product=tealighty-sojowe\",\"name\":\"Tealighty sojowe - manufakturaumarty\",\"isPartOf\":{\"@id\":\"https:\/\/manufakturaumarty.pl\/#website\"},\"primaryImageOfPage\":{\"@id\":\"https:\/\/manufakturaumarty.pl\/?product=tealighty-sojowe#primaryimage\"},\"image\":{\"@id\":\"https:\/\/manufakturaumarty.pl\/?product=tealighty-sojowe#primaryimage\"},\"thumbnailUrl\":\"https:\/\/manufakturaumarty.pl\/wp-content\/uploads\/2025\/08\/IMG_20250217_105629-scaled.jpg\",\"datePublished\":\"2025-08-19T11:50:33+00:00\",\"dateModified\":\"2025-08-23T10:07:42+00:00\",\"breadcrumb\":{\"@id\":\"https:\/\/manufakturaumarty.pl\/?product=tealighty-sojowe#breadcrumb\"},\"inLanguage\":\"pl-PL\",\"potentialAction\":[{\"@type\":\"ReadAction\",\"target\":[\"https:\/\/manufakturaumarty.pl\/?product=tealighty-sojowe\"]}]},{\"@type\":\"ImageObject\",\"inLanguage\":\"pl-PL\",\"@id\":\"https:\/\/manufakturaumarty.pl\/?product=tealighty-sojowe#primaryimage\",\"url\":\"https:\/\/manufakturaumarty.pl\/wp-content\/uploads\/2025\/08\/IMG_20250217_105629-scaled.jpg\",\"contentUrl\":\"https:\/\/manufakturaumarty.pl\/wp-content\/uploads\/2025\/08\/IMG_20250217_105629-scaled.jpg\",\"width\":1920,\"height\":2560},{\"@type\":\"BreadcrumbList\",\"@id\":\"https:\/\/manufakturaumarty.pl\/?product=tealighty-sojowe#breadcrumb\",\"itemListElement\":[{\"@type\":\"ListItem\",\"position\":1,\"name\":\"Strona g\u0142\u00f3wna\",\"item\":\"https:\/\/manufakturaumarty.pl\/\"},{\"@type\":\"ListItem\",\"position\":2,\"name\":\"Shop\",\"item\":\"https:\/\/manufakturaumarty.pl\/?page_id=6\"},{\"@type\":\"ListItem\",\"position\":3,\"name\":\"Tealighty sojowe\"}]},{\"@type\":\"WebSite\",\"@id\":\"https:\/\/manufakturaumarty.pl\/#website\",\"url\":\"https:\/\/manufakturaumarty.pl\/\",\"name\":\"manufakturaumarty\",\"description\":\"Otul si\u0119 zapachem\",\"publisher\":{\"@id\":\"https:\/\/manufakturaumarty.pl\/#organization\"},\"potentialAction\":[{\"@type\":\"SearchAction\",\"target\":{\"@type\":\"EntryPoint\",\"urlTemplate\":\"https:\/\/manufakturaumarty.pl\/?s={search_term_string}\"},\"query-input\":{\"@type\":\"PropertyValueSpecification\",\"valueRequired\":true,\"valueName\":\"search_term_string\"}}],\"inLanguage\":\"pl-PL\"},{\"@type\":\"Organization\",\"@id\":\"https:\/\/manufakturaumarty.pl\/#organization\",\"name\":\"manufakturaumarty\",\"url\":\"https:\/\/manufakturaumarty.pl\/\",\"logo\":{\"@type\":\"ImageObject\",\"inLanguage\":\"pl-PL\",\"@id\":\"https:\/\/manufakturaumarty.pl\/#\/schema\/logo\/image\/\",\"url\":\"https:\/\/manufakturaumarty.pl\/wp-content\/uploads\/2025\/01\/logo-1.png\",\"contentUrl\":\"https:\/\/manufakturaumarty.pl\/wp-content\/uploads\/2025\/01\/logo-1.png\",\"width\":500,\"height\":500,\"caption\":\"manufakturaumarty\"},\"image\":{\"@id\":\"https:\/\/manufakturaumarty.pl\/#\/schema\/logo\/image\/\"}}]}<\/script>\n<!-- \/ Yoast SEO plugin. -->","yoast_head_json":{"title":"Tealighty sojowe - manufakturaumarty","robots":{"index":"index","follow":"follow","max-snippet":"max-snippet:-1","max-image-preview":"max-image-preview:large","max-video-preview":"max-video-preview:-1"},"canonical":"https:\/\/manufakturaumarty.pl\/?product=tealighty-sojowe","og_locale":"pl_PL","og_type":"article","og_title":"Tealighty sojowe - manufakturaumarty","og_description":"Kominki, woski sojowe, ale i t-lighty sojowe, to\u00a0doskona\u0142a alternatywa dla \u015bwiec sojowych. Wosk sojowy, kt\u00f3ry rozpuszcza si\u0119 w kominku, nie spe\u0142ni swoich funkcji bez t-lighta, kt\u00f3ry gra tu r\u00f3wnie wa\u017cn\u0105 rol\u0119. Pe\u0142ni\u0105 one troch\u0119 inn\u0105, ale niezwykle wa\u017cn\u0105 funkcj\u0119. Pozwalaj\u0105 stworzy\u0107 niesamowity nastr\u00f3j, ale i\u00a0pozwalaj\u0105 wydoby\u0107 niesamowity zapach wosku sojowego, kt\u00f3ry roztopi\u0105 swoim ciep\u0142em. Podgrzewacze [&hellip;]","og_url":"https:\/\/manufakturaumarty.pl\/?product=tealighty-sojowe","og_site_name":"manufakturaumarty","article_modified_time":"2025-08-23T10:07:42+00:00","og_image":[{"width":1920,"height":2560,"url":"https:\/\/manufakturaumarty.pl\/wp-content\/uploads\/2025\/08\/IMG_20250217_105629-scaled.jpg","type":"image\/jpeg"}],"twitter_card":"summary_large_image","twitter_misc":{"Szacowany czas czytania":"1 minuta"},"schema":{"@context":"https:\/\/schema.org","@graph":[{"@type":"WebPage","@id":"https:\/\/manufakturaumarty.pl\/?product=tealighty-sojowe","url":"https:\/\/manufakturaumarty.pl\/?product=tealighty-sojowe","name":"Tealighty sojowe - manufakturaumarty","isPartOf":{"@id":"https:\/\/manufakturaumarty.pl\/#website"},"primaryImageOfPage":{"@id":"https:\/\/manufakturaumarty.pl\/?product=tealighty-sojowe#primaryimage"},"image":{"@id":"https:\/\/manufakturaumarty.pl\/?product=tealighty-sojowe#primaryimage"},"thumbnailUrl":"https:\/\/manufakturaumarty.pl\/wp-content\/uploads\/2025\/08\/IMG_20250217_105629-scaled.jpg","datePublished":"2025-08-19T11:50:33+00:00","dateModified":"2025-08-23T10:07:42+00:00","breadcrumb":{"@id":"https:\/\/manufakturaumarty.pl\/?product=tealighty-sojowe#breadcrumb"},"inLanguage":"pl-PL","potentialAction":[{"@type":"ReadAction","target":["https:\/\/manufakturaumarty.pl\/?product=tealighty-sojowe"]}]},{"@type":"ImageObject","inLanguage":"pl-PL","@id":"https:\/\/manufakturaumarty.pl\/?product=tealighty-sojowe#primaryimage","url":"https:\/\/manufakturaumarty.pl\/wp-content\/uploads\/2025\/08\/IMG_20250217_105629-scaled.jpg","contentUrl":"https:\/\/manufakturaumarty.pl\/wp-content\/uploads\/2025\/08\/IMG_20250217_105629-scaled.jpg","width":1920,"height":2560},{"@type":"BreadcrumbList","@id":"https:\/\/manufakturaumarty.pl\/?product=tealighty-sojowe#breadcrumb","itemListElement":[{"@type":"ListItem","position":1,"name":"Strona g\u0142\u00f3wna","item":"https:\/\/manufakturaumarty.pl\/"},{"@type":"ListItem","position":2,"name":"Shop","item":"https:\/\/manufakturaumarty.pl\/?page_id=6"},{"@type":"ListItem","position":3,"name":"Tealighty sojowe"}]},{"@type":"WebSite","@id":"https:\/\/manufakturaumarty.pl\/#website","url":"https:\/\/manufakturaumarty.pl\/","name":"manufakturaumarty","description":"Otul si\u0119 zapachem","publisher":{"@id":"https:\/\/manufakturaumarty.pl\/#organization"},"potentialAction":[{"@type":"SearchAction","target":{"@type":"EntryPoint","urlTemplate":"https:\/\/manufakturaumarty.pl\/?s={search_term_string}"},"query-input":{"@type":"PropertyValueSpecification","valueRequired":true,"valueName":"search_term_string"}}],"inLanguage":"pl-PL"},{"@type":"Organization","@id":"https:\/\/manufakturaumarty.pl\/#organization","name":"manufakturaumarty","url":"https:\/\/manufakturaumarty.pl\/","logo":{"@type":"ImageObject","inLanguage":"pl-PL","@id":"https:\/\/manufakturaumarty.pl\/#\/schema\/logo\/image\/","url":"https:\/\/manufakturaumarty.pl\/wp-content\/uploads\/2025\/01\/logo-1.png","contentUrl":"https:\/\/manufakturaumarty.pl\/wp-content\/uploads\/2025\/01\/logo-1.png","width":500,"height":500,"caption":"manufakturaumarty"},"image":{"@id":"https:\/\/manufakturaumarty.pl\/#\/schema\/logo\/image\/"}}]}},"jetpack_sharing_enabled":true,"_links":{"self":[{"href":"https:\/\/manufakturaumarty.pl\/index.php?rest_route=\/wp\/v2\/product\/2228","targetHints":{"allow":["GET"]}}],"collection":[{"href":"https:\/\/manufakturaumarty.pl\/index.php?rest_route=\/wp\/v2\/product"}],"about":[{"href":"https:\/\/manufakturaumarty.pl\/index.php?rest_route=\/wp\/v2\/types\/product"}],"replies":[{"embeddable":true,"href":"https:\/\/manufakturaumarty.pl\/index.php?rest_route=%2Fwp%2Fv2%2Fcomments&post=2228"}],"wp:featuredmedia":[{"embeddable":true,"href":"https:\/\/manufakturaumarty.pl\/index.php?rest_route=\/wp\/v2\/media\/2226"}],"wp:attachment":[{"href":"https:\/\/manufakturaumarty.pl\/index.php?rest_route=%2Fwp%2Fv2%2Fmedia&parent=2228"}],"wp:term":[{"taxonomy":"product_brand","embeddable":true,"href":"https:\/\/manufakturaumarty.pl\/index.php?rest_route=%2Fwp%2Fv2%2Fproduct_brand&post=2228"},{"taxonomy":"product_cat","embeddable":true,"href":"https:\/\/manufakturaumarty.pl\/index.php?rest_route=%2Fwp%2Fv2%2Fproduct_cat&post=2228"},{"taxonomy":"product_tag","embeddable":true,"href":"https:\/\/manufakturaumarty.pl\/index.php?rest_route=%2Fwp%2Fv2%2Fproduct_tag&post=2228"}],"curies":[{"name":"wp","href":"https:\/\/api.w.org\/{rel}","templated":true}]}}