{"id":2401,"date":"2025-08-23T11:34:58","date_gmt":"2025-08-23T09:34:58","guid":{"rendered":"https:\/\/manufakturaumarty.pl\/?post_type=product&#038;p=2401"},"modified":"2025-08-25T14:15:30","modified_gmt":"2025-08-25T12:15:30","slug":"mini-flower-box-7-roz","status":"publish","type":"product","link":"https:\/\/manufakturaumarty.pl\/?product=mini-flower-box-7-roz","title":{"rendered":"Mini Flower Box \u2013  7 R\u00f3\u017c"},"content":{"rendered":"<ul>\n<li>Mini flower box 7 r\u00f3\u017c<\/li>\n<li>R\u00f3\u017ce stopisz w kominku do wosk\u00f3w zapachowych<\/li>\n<li>Wymiary: 11\u00d711 cm<\/li>\n<\/ul>\n<p style=\"font-weight: 400;\"><strong>Sk\u0142ad :<\/strong><\/p>\n<ul>\n<li>Najwy\u017cszej jako\u015bci wosk sojowy<\/li>\n<li>Olejki najwy\u017cszej jako\u015bci<\/li>\n<li>Siatka florystyczna z\u0142ota<\/li>\n<li>Kraftowe ekologiczny papier florystyczny &#8211; imituj\u0105cy star\u0105 gazet\u0119<\/li>\n<li>R\u00f3\u017cyczki wbite s\u0105 w styropian<\/li>\n<\/ul>\n<p style=\"font-weight: 400;\"><strong>Zapach \u015bwiecy:<\/strong><\/p>\n<ul>\n<li>\u015awie\u017co ci\u0119ta piwonia<\/li>\n<li>Czekolada<\/li>\n<li>Bergamotka i cedr<\/li>\n<li>Aloes<\/li>\n<li>Soczysta Pomara\u0144cza<\/li>\n<li>Lawenda<\/li>\n<li>Wanilia<\/li>\n<li>Gruszka i przyprawy<\/li>\n<li>Kawa<\/li>\n<li>Groszek pachn\u0105cy<\/li>\n<li>Frezja<\/li>\n<li>Fio\u0142ek<\/li>\n<li>Konwalia<\/li>\n<li>Maciejka<\/li>\n<li>R\u00f3\u017ca<\/li>\n<\/ul>\n<p><span style=\"font-weight: 400;\">Czas realizacji 2- 5 dni roboczych<\/span><\/p>\n","protected":false},"excerpt":{"rendered":"<p>Mini flower box 7 r\u00f3\u017c R\u00f3\u017ce stopisz w kominku do wosk\u00f3w zapachowych Wymiary: 11\u00d711 cm Sk\u0142ad : Najwy\u017cszej jako\u015bci wosk sojowy Olejki najwy\u017cszej jako\u015bci Siatka florystyczna z\u0142ota Kraftowe ekologiczny papier florystyczny &#8211; imituj\u0105cy star\u0105 gazet\u0119 R\u00f3\u017cyczki wbite s\u0105 w styropian Zapach \u015bwiecy: \u015awie\u017co ci\u0119ta piwonia Czekolada Bergamotka i cedr Aloes Soczysta Pomara\u0144cza Lawenda Wanilia Gruszka [&hellip;]<\/p>\n","protected":false},"featured_media":2778,"comment_status":"open","ping_status":"closed","template":"","meta":{"_et_pb_use_builder":"","_et_pb_old_content":"","_et_gb_content_width":"","_glsr_average":0,"_glsr_ranking":0,"_glsr_reviews":0},"product_brand":[],"product_cat":[198],"product_tag":[],"class_list":{"0":"post-2401","1":"product","2":"type-product","3":"status-publish","4":"has-post-thumbnail","6":"product_cat-flower-boxy","8":"first","9":"onbackorder","10":"taxable","11":"shipping-taxable","12":"purchasable","13":"product-type-variable","14":"has-default-attributes"},"yoast_head":"<!-- This site is optimized with the Yoast SEO plugin v25.8 - https:\/\/yoast.com\/wordpress\/plugins\/seo\/ -->\n<title>Mini Flower Box \u2013 7 R\u00f3\u017c - manufakturaumarty<\/title>\n<meta name=\"robots\" content=\"index, follow, max-snippet:-1, max-image-preview:large, max-video-preview:-1\" \/>\n<link rel=\"canonical\" href=\"https:\/\/manufakturaumarty.pl\/?product=mini-flower-box-7-roz\" \/>\n<meta property=\"og:locale\" content=\"pl_PL\" \/>\n<meta property=\"og:type\" content=\"article\" \/>\n<meta property=\"og:title\" content=\"Mini Flower Box \u2013 7 R\u00f3\u017c - manufakturaumarty\" \/>\n<meta property=\"og:description\" content=\"Mini flower box 7 r\u00f3\u017c R\u00f3\u017ce stopisz w kominku do wosk\u00f3w zapachowych Wymiary: 11\u00d711 cm Sk\u0142ad : Najwy\u017cszej jako\u015bci wosk sojowy Olejki najwy\u017cszej jako\u015bci Siatka florystyczna z\u0142ota Kraftowe ekologiczny papier florystyczny &#8211; imituj\u0105cy star\u0105 gazet\u0119 R\u00f3\u017cyczki wbite s\u0105 w styropian Zapach \u015bwiecy: \u015awie\u017co ci\u0119ta piwonia Czekolada Bergamotka i cedr Aloes Soczysta Pomara\u0144cza Lawenda Wanilia Gruszka [&hellip;]\" \/>\n<meta property=\"og:url\" content=\"https:\/\/manufakturaumarty.pl\/?product=mini-flower-box-7-roz\" \/>\n<meta property=\"og:site_name\" content=\"manufakturaumarty\" \/>\n<meta property=\"article:modified_time\" content=\"2025-08-25T12:15:30+00:00\" \/>\n<meta property=\"og:image\" content=\"https:\/\/manufakturaumarty.pl\/wp-content\/uploads\/2025\/08\/IMG_20250825_140609-scaled.jpg\" \/>\n\t<meta property=\"og:image:width\" content=\"2560\" \/>\n\t<meta property=\"og:image:height\" content=\"1920\" \/>\n\t<meta property=\"og:image:type\" content=\"image\/jpeg\" \/>\n<meta name=\"twitter:card\" content=\"summary_large_image\" \/>\n<meta name=\"twitter:label1\" content=\"Szacowany czas czytania\" \/>\n\t<meta name=\"twitter:data1\" content=\"1 minuta\" \/>\n<script type=\"application\/ld+json\" class=\"yoast-schema-graph\">{\"@context\":\"https:\/\/schema.org\",\"@graph\":[{\"@type\":\"WebPage\",\"@id\":\"https:\/\/manufakturaumarty.pl\/?product=mini-flower-box-7-roz\",\"url\":\"https:\/\/manufakturaumarty.pl\/?product=mini-flower-box-7-roz\",\"name\":\"Mini Flower Box \u2013 7 R\u00f3\u017c - manufakturaumarty\",\"isPartOf\":{\"@id\":\"https:\/\/manufakturaumarty.pl\/#website\"},\"primaryImageOfPage\":{\"@id\":\"https:\/\/manufakturaumarty.pl\/?product=mini-flower-box-7-roz#primaryimage\"},\"image\":{\"@id\":\"https:\/\/manufakturaumarty.pl\/?product=mini-flower-box-7-roz#primaryimage\"},\"thumbnailUrl\":\"https:\/\/manufakturaumarty.pl\/wp-content\/uploads\/2025\/08\/IMG_20250825_140609-scaled.jpg\",\"datePublished\":\"2025-08-23T09:34:58+00:00\",\"dateModified\":\"2025-08-25T12:15:30+00:00\",\"breadcrumb\":{\"@id\":\"https:\/\/manufakturaumarty.pl\/?product=mini-flower-box-7-roz#breadcrumb\"},\"inLanguage\":\"pl-PL\",\"potentialAction\":[{\"@type\":\"ReadAction\",\"target\":[\"https:\/\/manufakturaumarty.pl\/?product=mini-flower-box-7-roz\"]}]},{\"@type\":\"ImageObject\",\"inLanguage\":\"pl-PL\",\"@id\":\"https:\/\/manufakturaumarty.pl\/?product=mini-flower-box-7-roz#primaryimage\",\"url\":\"https:\/\/manufakturaumarty.pl\/wp-content\/uploads\/2025\/08\/IMG_20250825_140609-scaled.jpg\",\"contentUrl\":\"https:\/\/manufakturaumarty.pl\/wp-content\/uploads\/2025\/08\/IMG_20250825_140609-scaled.jpg\",\"width\":2560,\"height\":1920},{\"@type\":\"BreadcrumbList\",\"@id\":\"https:\/\/manufakturaumarty.pl\/?product=mini-flower-box-7-roz#breadcrumb\",\"itemListElement\":[{\"@type\":\"ListItem\",\"position\":1,\"name\":\"Strona g\u0142\u00f3wna\",\"item\":\"https:\/\/manufakturaumarty.pl\/\"},{\"@type\":\"ListItem\",\"position\":2,\"name\":\"Shop\",\"item\":\"https:\/\/manufakturaumarty.pl\/?page_id=6\"},{\"@type\":\"ListItem\",\"position\":3,\"name\":\"Mini Flower Box \u2013 7 R\u00f3\u017c\"}]},{\"@type\":\"WebSite\",\"@id\":\"https:\/\/manufakturaumarty.pl\/#website\",\"url\":\"https:\/\/manufakturaumarty.pl\/\",\"name\":\"manufakturaumarty\",\"description\":\"Otul si\u0119 zapachem\",\"publisher\":{\"@id\":\"https:\/\/manufakturaumarty.pl\/#organization\"},\"potentialAction\":[{\"@type\":\"SearchAction\",\"target\":{\"@type\":\"EntryPoint\",\"urlTemplate\":\"https:\/\/manufakturaumarty.pl\/?s={search_term_string}\"},\"query-input\":{\"@type\":\"PropertyValueSpecification\",\"valueRequired\":true,\"valueName\":\"search_term_string\"}}],\"inLanguage\":\"pl-PL\"},{\"@type\":\"Organization\",\"@id\":\"https:\/\/manufakturaumarty.pl\/#organization\",\"name\":\"manufakturaumarty\",\"url\":\"https:\/\/manufakturaumarty.pl\/\",\"logo\":{\"@type\":\"ImageObject\",\"inLanguage\":\"pl-PL\",\"@id\":\"https:\/\/manufakturaumarty.pl\/#\/schema\/logo\/image\/\",\"url\":\"https:\/\/manufakturaumarty.pl\/wp-content\/uploads\/2025\/01\/logo-1.png\",\"contentUrl\":\"https:\/\/manufakturaumarty.pl\/wp-content\/uploads\/2025\/01\/logo-1.png\",\"width\":500,\"height\":500,\"caption\":\"manufakturaumarty\"},\"image\":{\"@id\":\"https:\/\/manufakturaumarty.pl\/#\/schema\/logo\/image\/\"}}]}<\/script>\n<!-- \/ Yoast SEO plugin. -->","yoast_head_json":{"title":"Mini Flower Box \u2013 7 R\u00f3\u017c - manufakturaumarty","robots":{"index":"index","follow":"follow","max-snippet":"max-snippet:-1","max-image-preview":"max-image-preview:large","max-video-preview":"max-video-preview:-1"},"canonical":"https:\/\/manufakturaumarty.pl\/?product=mini-flower-box-7-roz","og_locale":"pl_PL","og_type":"article","og_title":"Mini Flower Box \u2013 7 R\u00f3\u017c - manufakturaumarty","og_description":"Mini flower box 7 r\u00f3\u017c R\u00f3\u017ce stopisz w kominku do wosk\u00f3w zapachowych Wymiary: 11\u00d711 cm Sk\u0142ad : Najwy\u017cszej jako\u015bci wosk sojowy Olejki najwy\u017cszej jako\u015bci Siatka florystyczna z\u0142ota Kraftowe ekologiczny papier florystyczny &#8211; imituj\u0105cy star\u0105 gazet\u0119 R\u00f3\u017cyczki wbite s\u0105 w styropian Zapach \u015bwiecy: \u015awie\u017co ci\u0119ta piwonia Czekolada Bergamotka i cedr Aloes Soczysta Pomara\u0144cza Lawenda Wanilia Gruszka [&hellip;]","og_url":"https:\/\/manufakturaumarty.pl\/?product=mini-flower-box-7-roz","og_site_name":"manufakturaumarty","article_modified_time":"2025-08-25T12:15:30+00:00","og_image":[{"width":2560,"height":1920,"url":"https:\/\/manufakturaumarty.pl\/wp-content\/uploads\/2025\/08\/IMG_20250825_140609-scaled.jpg","type":"image\/jpeg"}],"twitter_card":"summary_large_image","twitter_misc":{"Szacowany czas czytania":"1 minuta"},"schema":{"@context":"https:\/\/schema.org","@graph":[{"@type":"WebPage","@id":"https:\/\/manufakturaumarty.pl\/?product=mini-flower-box-7-roz","url":"https:\/\/manufakturaumarty.pl\/?product=mini-flower-box-7-roz","name":"Mini Flower Box \u2013 7 R\u00f3\u017c - manufakturaumarty","isPartOf":{"@id":"https:\/\/manufakturaumarty.pl\/#website"},"primaryImageOfPage":{"@id":"https:\/\/manufakturaumarty.pl\/?product=mini-flower-box-7-roz#primaryimage"},"image":{"@id":"https:\/\/manufakturaumarty.pl\/?product=mini-flower-box-7-roz#primaryimage"},"thumbnailUrl":"https:\/\/manufakturaumarty.pl\/wp-content\/uploads\/2025\/08\/IMG_20250825_140609-scaled.jpg","datePublished":"2025-08-23T09:34:58+00:00","dateModified":"2025-08-25T12:15:30+00:00","breadcrumb":{"@id":"https:\/\/manufakturaumarty.pl\/?product=mini-flower-box-7-roz#breadcrumb"},"inLanguage":"pl-PL","potentialAction":[{"@type":"ReadAction","target":["https:\/\/manufakturaumarty.pl\/?product=mini-flower-box-7-roz"]}]},{"@type":"ImageObject","inLanguage":"pl-PL","@id":"https:\/\/manufakturaumarty.pl\/?product=mini-flower-box-7-roz#primaryimage","url":"https:\/\/manufakturaumarty.pl\/wp-content\/uploads\/2025\/08\/IMG_20250825_140609-scaled.jpg","contentUrl":"https:\/\/manufakturaumarty.pl\/wp-content\/uploads\/2025\/08\/IMG_20250825_140609-scaled.jpg","width":2560,"height":1920},{"@type":"BreadcrumbList","@id":"https:\/\/manufakturaumarty.pl\/?product=mini-flower-box-7-roz#breadcrumb","itemListElement":[{"@type":"ListItem","position":1,"name":"Strona g\u0142\u00f3wna","item":"https:\/\/manufakturaumarty.pl\/"},{"@type":"ListItem","position":2,"name":"Shop","item":"https:\/\/manufakturaumarty.pl\/?page_id=6"},{"@type":"ListItem","position":3,"name":"Mini Flower Box \u2013 7 R\u00f3\u017c"}]},{"@type":"WebSite","@id":"https:\/\/manufakturaumarty.pl\/#website","url":"https:\/\/manufakturaumarty.pl\/","name":"manufakturaumarty","description":"Otul si\u0119 zapachem","publisher":{"@id":"https:\/\/manufakturaumarty.pl\/#organization"},"potentialAction":[{"@type":"SearchAction","target":{"@type":"EntryPoint","urlTemplate":"https:\/\/manufakturaumarty.pl\/?s={search_term_string}"},"query-input":{"@type":"PropertyValueSpecification","valueRequired":true,"valueName":"search_term_string"}}],"inLanguage":"pl-PL"},{"@type":"Organization","@id":"https:\/\/manufakturaumarty.pl\/#organization","name":"manufakturaumarty","url":"https:\/\/manufakturaumarty.pl\/","logo":{"@type":"ImageObject","inLanguage":"pl-PL","@id":"https:\/\/manufakturaumarty.pl\/#\/schema\/logo\/image\/","url":"https:\/\/manufakturaumarty.pl\/wp-content\/uploads\/2025\/01\/logo-1.png","contentUrl":"https:\/\/manufakturaumarty.pl\/wp-content\/uploads\/2025\/01\/logo-1.png","width":500,"height":500,"caption":"manufakturaumarty"},"image":{"@id":"https:\/\/manufakturaumarty.pl\/#\/schema\/logo\/image\/"}}]}},"jetpack_sharing_enabled":true,"_links":{"self":[{"href":"https:\/\/manufakturaumarty.pl\/index.php?rest_route=\/wp\/v2\/product\/2401","targetHints":{"allow":["GET"]}}],"collection":[{"href":"https:\/\/manufakturaumarty.pl\/index.php?rest_route=\/wp\/v2\/product"}],"about":[{"href":"https:\/\/manufakturaumarty.pl\/index.php?rest_route=\/wp\/v2\/types\/product"}],"replies":[{"embeddable":true,"href":"https:\/\/manufakturaumarty.pl\/index.php?rest_route=%2Fwp%2Fv2%2Fcomments&post=2401"}],"wp:featuredmedia":[{"embeddable":true,"href":"https:\/\/manufakturaumarty.pl\/index.php?rest_route=\/wp\/v2\/media\/2778"}],"wp:attachment":[{"href":"https:\/\/manufakturaumarty.pl\/index.php?rest_route=%2Fwp%2Fv2%2Fmedia&parent=2401"}],"wp:term":[{"taxonomy":"product_brand","embeddable":true,"href":"https:\/\/manufakturaumarty.pl\/index.php?rest_route=%2Fwp%2Fv2%2Fproduct_brand&post=2401"},{"taxonomy":"product_cat","embeddable":true,"href":"https:\/\/manufakturaumarty.pl\/index.php?rest_route=%2Fwp%2Fv2%2Fproduct_cat&post=2401"},{"taxonomy":"product_tag","embeddable":true,"href":"https:\/\/manufakturaumarty.pl\/index.php?rest_route=%2Fwp%2Fv2%2Fproduct_tag&post=2401"}],"curies":[{"name":"wp","href":"https:\/\/api.w.org\/{rel}","templated":true}]}}