{"id":2694,"date":"2025-08-23T16:25:11","date_gmt":"2025-08-23T14:25:11","guid":{"rendered":"https:\/\/manufakturaumarty.pl\/?post_type=product&#038;p=2694"},"modified":"2025-08-25T12:41:09","modified_gmt":"2025-08-25T10:41:09","slug":"sojowa-stokrotka-czerwony-srodek-na-podziekowanie-dla-gosci","status":"publish","type":"product","link":"https:\/\/manufakturaumarty.pl\/?product=sojowa-stokrotka-czerwony-srodek-na-podziekowanie-dla-gosci","title":{"rendered":"Sojowa Stokrotka Czerwony \u015arodek &#8211;  Na Podzi\u0119kowanie dla go\u015bci"},"content":{"rendered":"<ul>\n<li>Stokrotk\u0119 mo\u017cesz stopi\u0107 w kominku do wosk\u00f3w zapachowych<\/li>\n<li>Wymiary:\u00a0 6 cm x 1,5 cm<\/li>\n<li>Waga: ok 20 g<\/li>\n<\/ul>\n<p><strong>Sk\u0142ad :<\/strong><\/p>\n<ul>\n<li>Najwy\u017cszej jako\u015bci wosk sojowy<\/li>\n<li>Olejki najwy\u017cszej jako\u015bci<\/li>\n<li>Woreczek foliowy<\/li>\n<li>Czerwona Kokarda<\/li>\n<\/ul>\n<p><strong>Zapach \u015bwiecy:<\/strong><\/p>\n<ul>\n<li>\u015awie\u017co ci\u0119ta piwonia<\/li>\n<li>Czekolada<\/li>\n<li>Bergamotka i cedr<\/li>\n<li>Aloes<\/li>\n<li>Soczysta Pomara\u0144cza<\/li>\n<li>Lawenda<\/li>\n<li>Wanilia<\/li>\n<li>Gruszka i przyprawy<\/li>\n<li>Kawa<\/li>\n<li>Groszek pachn\u0105cy<\/li>\n<li>Frezja<\/li>\n<li>Fio\u0142ek<\/li>\n<li>Konwalia<\/li>\n<li>Maciejka<\/li>\n<li>R\u00f3\u017ca<\/li>\n<\/ul>\n<p>&nbsp;<\/p>\n<p>Czas realizacji 2- 5 dni roboczych<\/p>\n","protected":false},"excerpt":{"rendered":"<p>Stokrotk\u0119 mo\u017cesz stopi\u0107 w kominku do wosk\u00f3w zapachowych Wymiary:\u00a0 6 cm x 1,5 cm Waga: ok 20 g Sk\u0142ad : Najwy\u017cszej jako\u015bci wosk sojowy Olejki najwy\u017cszej jako\u015bci Woreczek foliowy Czerwona Kokarda Zapach \u015bwiecy: \u015awie\u017co ci\u0119ta piwonia Czekolada Bergamotka i cedr Aloes Soczysta Pomara\u0144cza Lawenda Wanilia Gruszka i przyprawy Kawa Groszek pachn\u0105cy Frezja Fio\u0142ek Konwalia Maciejka [&hellip;]<\/p>\n","protected":false},"featured_media":2757,"comment_status":"closed","ping_status":"closed","template":"","meta":{"_et_pb_use_builder":"","_et_pb_old_content":"","_et_gb_content_width":"","_glsr_average":0,"_glsr_ranking":0,"_glsr_reviews":0},"product_brand":[],"product_cat":[213,201],"product_tag":[],"class_list":{"0":"post-2694","1":"product","2":"type-product","3":"status-publish","4":"has-post-thumbnail","6":"product_cat-podziekowanie-dla-gosci-ze-swiec","7":"product_cat-swiece-wolnostojace","9":"first","10":"onbackorder","11":"taxable","12":"shipping-taxable","13":"purchasable","14":"product-type-variable","15":"has-default-attributes"},"yoast_head":"<!-- This site is optimized with the Yoast SEO plugin v25.8 - https:\/\/yoast.com\/wordpress\/plugins\/seo\/ -->\n<title>Sojowa Stokrotka Czerwony \u015arodek - Na Podzi\u0119kowanie dla go\u015bci - manufakturaumarty<\/title>\n<meta name=\"robots\" content=\"index, follow, max-snippet:-1, max-image-preview:large, max-video-preview:-1\" \/>\n<link rel=\"canonical\" href=\"https:\/\/manufakturaumarty.pl\/?product=sojowa-stokrotka-czerwony-srodek-na-podziekowanie-dla-gosci\" \/>\n<meta property=\"og:locale\" content=\"pl_PL\" \/>\n<meta property=\"og:type\" content=\"article\" \/>\n<meta property=\"og:title\" content=\"Sojowa Stokrotka Czerwony \u015arodek - Na Podzi\u0119kowanie dla go\u015bci - manufakturaumarty\" \/>\n<meta property=\"og:description\" content=\"Stokrotk\u0119 mo\u017cesz stopi\u0107 w kominku do wosk\u00f3w zapachowych Wymiary:\u00a0 6 cm x 1,5 cm Waga: ok 20 g Sk\u0142ad : Najwy\u017cszej jako\u015bci wosk sojowy Olejki najwy\u017cszej jako\u015bci Woreczek foliowy Czerwona Kokarda Zapach \u015bwiecy: \u015awie\u017co ci\u0119ta piwonia Czekolada Bergamotka i cedr Aloes Soczysta Pomara\u0144cza Lawenda Wanilia Gruszka i przyprawy Kawa Groszek pachn\u0105cy Frezja Fio\u0142ek Konwalia Maciejka [&hellip;]\" \/>\n<meta property=\"og:url\" content=\"https:\/\/manufakturaumarty.pl\/?product=sojowa-stokrotka-czerwony-srodek-na-podziekowanie-dla-gosci\" \/>\n<meta property=\"og:site_name\" content=\"manufakturaumarty\" \/>\n<meta property=\"article:modified_time\" content=\"2025-08-25T10:41:09+00:00\" \/>\n<meta property=\"og:image\" content=\"https:\/\/manufakturaumarty.pl\/wp-content\/uploads\/2025\/08\/IMG_20250825_122142-scaled.jpg\" \/>\n\t<meta property=\"og:image:width\" content=\"2560\" \/>\n\t<meta property=\"og:image:height\" content=\"1920\" \/>\n\t<meta property=\"og:image:type\" content=\"image\/jpeg\" \/>\n<meta name=\"twitter:card\" content=\"summary_large_image\" \/>\n<meta name=\"twitter:label1\" content=\"Szacowany czas czytania\" \/>\n\t<meta name=\"twitter:data1\" content=\"1 minuta\" \/>\n<script type=\"application\/ld+json\" class=\"yoast-schema-graph\">{\"@context\":\"https:\/\/schema.org\",\"@graph\":[{\"@type\":\"WebPage\",\"@id\":\"https:\/\/manufakturaumarty.pl\/?product=sojowa-stokrotka-czerwony-srodek-na-podziekowanie-dla-gosci\",\"url\":\"https:\/\/manufakturaumarty.pl\/?product=sojowa-stokrotka-czerwony-srodek-na-podziekowanie-dla-gosci\",\"name\":\"Sojowa Stokrotka Czerwony \u015arodek - Na Podzi\u0119kowanie dla go\u015bci - manufakturaumarty\",\"isPartOf\":{\"@id\":\"https:\/\/manufakturaumarty.pl\/#website\"},\"primaryImageOfPage\":{\"@id\":\"https:\/\/manufakturaumarty.pl\/?product=sojowa-stokrotka-czerwony-srodek-na-podziekowanie-dla-gosci#primaryimage\"},\"image\":{\"@id\":\"https:\/\/manufakturaumarty.pl\/?product=sojowa-stokrotka-czerwony-srodek-na-podziekowanie-dla-gosci#primaryimage\"},\"thumbnailUrl\":\"https:\/\/manufakturaumarty.pl\/wp-content\/uploads\/2025\/08\/IMG_20250825_122142-scaled.jpg\",\"datePublished\":\"2025-08-23T14:25:11+00:00\",\"dateModified\":\"2025-08-25T10:41:09+00:00\",\"breadcrumb\":{\"@id\":\"https:\/\/manufakturaumarty.pl\/?product=sojowa-stokrotka-czerwony-srodek-na-podziekowanie-dla-gosci#breadcrumb\"},\"inLanguage\":\"pl-PL\",\"potentialAction\":[{\"@type\":\"ReadAction\",\"target\":[\"https:\/\/manufakturaumarty.pl\/?product=sojowa-stokrotka-czerwony-srodek-na-podziekowanie-dla-gosci\"]}]},{\"@type\":\"ImageObject\",\"inLanguage\":\"pl-PL\",\"@id\":\"https:\/\/manufakturaumarty.pl\/?product=sojowa-stokrotka-czerwony-srodek-na-podziekowanie-dla-gosci#primaryimage\",\"url\":\"https:\/\/manufakturaumarty.pl\/wp-content\/uploads\/2025\/08\/IMG_20250825_122142-scaled.jpg\",\"contentUrl\":\"https:\/\/manufakturaumarty.pl\/wp-content\/uploads\/2025\/08\/IMG_20250825_122142-scaled.jpg\",\"width\":2560,\"height\":1920},{\"@type\":\"BreadcrumbList\",\"@id\":\"https:\/\/manufakturaumarty.pl\/?product=sojowa-stokrotka-czerwony-srodek-na-podziekowanie-dla-gosci#breadcrumb\",\"itemListElement\":[{\"@type\":\"ListItem\",\"position\":1,\"name\":\"Strona g\u0142\u00f3wna\",\"item\":\"https:\/\/manufakturaumarty.pl\/\"},{\"@type\":\"ListItem\",\"position\":2,\"name\":\"Shop\",\"item\":\"https:\/\/manufakturaumarty.pl\/?page_id=6\"},{\"@type\":\"ListItem\",\"position\":3,\"name\":\"Sojowa Stokrotka Czerwony \u015arodek &#8211; Na Podzi\u0119kowanie dla go\u015bci\"}]},{\"@type\":\"WebSite\",\"@id\":\"https:\/\/manufakturaumarty.pl\/#website\",\"url\":\"https:\/\/manufakturaumarty.pl\/\",\"name\":\"manufakturaumarty\",\"description\":\"Otul si\u0119 zapachem\",\"publisher\":{\"@id\":\"https:\/\/manufakturaumarty.pl\/#organization\"},\"potentialAction\":[{\"@type\":\"SearchAction\",\"target\":{\"@type\":\"EntryPoint\",\"urlTemplate\":\"https:\/\/manufakturaumarty.pl\/?s={search_term_string}\"},\"query-input\":{\"@type\":\"PropertyValueSpecification\",\"valueRequired\":true,\"valueName\":\"search_term_string\"}}],\"inLanguage\":\"pl-PL\"},{\"@type\":\"Organization\",\"@id\":\"https:\/\/manufakturaumarty.pl\/#organization\",\"name\":\"manufakturaumarty\",\"url\":\"https:\/\/manufakturaumarty.pl\/\",\"logo\":{\"@type\":\"ImageObject\",\"inLanguage\":\"pl-PL\",\"@id\":\"https:\/\/manufakturaumarty.pl\/#\/schema\/logo\/image\/\",\"url\":\"https:\/\/manufakturaumarty.pl\/wp-content\/uploads\/2025\/01\/logo-1.png\",\"contentUrl\":\"https:\/\/manufakturaumarty.pl\/wp-content\/uploads\/2025\/01\/logo-1.png\",\"width\":500,\"height\":500,\"caption\":\"manufakturaumarty\"},\"image\":{\"@id\":\"https:\/\/manufakturaumarty.pl\/#\/schema\/logo\/image\/\"}}]}<\/script>\n<!-- \/ Yoast SEO plugin. -->","yoast_head_json":{"title":"Sojowa Stokrotka Czerwony \u015arodek - Na Podzi\u0119kowanie dla go\u015bci - manufakturaumarty","robots":{"index":"index","follow":"follow","max-snippet":"max-snippet:-1","max-image-preview":"max-image-preview:large","max-video-preview":"max-video-preview:-1"},"canonical":"https:\/\/manufakturaumarty.pl\/?product=sojowa-stokrotka-czerwony-srodek-na-podziekowanie-dla-gosci","og_locale":"pl_PL","og_type":"article","og_title":"Sojowa Stokrotka Czerwony \u015arodek - Na Podzi\u0119kowanie dla go\u015bci - manufakturaumarty","og_description":"Stokrotk\u0119 mo\u017cesz stopi\u0107 w kominku do wosk\u00f3w zapachowych Wymiary:\u00a0 6 cm x 1,5 cm Waga: ok 20 g Sk\u0142ad : Najwy\u017cszej jako\u015bci wosk sojowy Olejki najwy\u017cszej jako\u015bci Woreczek foliowy Czerwona Kokarda Zapach \u015bwiecy: \u015awie\u017co ci\u0119ta piwonia Czekolada Bergamotka i cedr Aloes Soczysta Pomara\u0144cza Lawenda Wanilia Gruszka i przyprawy Kawa Groszek pachn\u0105cy Frezja Fio\u0142ek Konwalia Maciejka [&hellip;]","og_url":"https:\/\/manufakturaumarty.pl\/?product=sojowa-stokrotka-czerwony-srodek-na-podziekowanie-dla-gosci","og_site_name":"manufakturaumarty","article_modified_time":"2025-08-25T10:41:09+00:00","og_image":[{"width":2560,"height":1920,"url":"https:\/\/manufakturaumarty.pl\/wp-content\/uploads\/2025\/08\/IMG_20250825_122142-scaled.jpg","type":"image\/jpeg"}],"twitter_card":"summary_large_image","twitter_misc":{"Szacowany czas czytania":"1 minuta"},"schema":{"@context":"https:\/\/schema.org","@graph":[{"@type":"WebPage","@id":"https:\/\/manufakturaumarty.pl\/?product=sojowa-stokrotka-czerwony-srodek-na-podziekowanie-dla-gosci","url":"https:\/\/manufakturaumarty.pl\/?product=sojowa-stokrotka-czerwony-srodek-na-podziekowanie-dla-gosci","name":"Sojowa Stokrotka Czerwony \u015arodek - Na Podzi\u0119kowanie dla go\u015bci - manufakturaumarty","isPartOf":{"@id":"https:\/\/manufakturaumarty.pl\/#website"},"primaryImageOfPage":{"@id":"https:\/\/manufakturaumarty.pl\/?product=sojowa-stokrotka-czerwony-srodek-na-podziekowanie-dla-gosci#primaryimage"},"image":{"@id":"https:\/\/manufakturaumarty.pl\/?product=sojowa-stokrotka-czerwony-srodek-na-podziekowanie-dla-gosci#primaryimage"},"thumbnailUrl":"https:\/\/manufakturaumarty.pl\/wp-content\/uploads\/2025\/08\/IMG_20250825_122142-scaled.jpg","datePublished":"2025-08-23T14:25:11+00:00","dateModified":"2025-08-25T10:41:09+00:00","breadcrumb":{"@id":"https:\/\/manufakturaumarty.pl\/?product=sojowa-stokrotka-czerwony-srodek-na-podziekowanie-dla-gosci#breadcrumb"},"inLanguage":"pl-PL","potentialAction":[{"@type":"ReadAction","target":["https:\/\/manufakturaumarty.pl\/?product=sojowa-stokrotka-czerwony-srodek-na-podziekowanie-dla-gosci"]}]},{"@type":"ImageObject","inLanguage":"pl-PL","@id":"https:\/\/manufakturaumarty.pl\/?product=sojowa-stokrotka-czerwony-srodek-na-podziekowanie-dla-gosci#primaryimage","url":"https:\/\/manufakturaumarty.pl\/wp-content\/uploads\/2025\/08\/IMG_20250825_122142-scaled.jpg","contentUrl":"https:\/\/manufakturaumarty.pl\/wp-content\/uploads\/2025\/08\/IMG_20250825_122142-scaled.jpg","width":2560,"height":1920},{"@type":"BreadcrumbList","@id":"https:\/\/manufakturaumarty.pl\/?product=sojowa-stokrotka-czerwony-srodek-na-podziekowanie-dla-gosci#breadcrumb","itemListElement":[{"@type":"ListItem","position":1,"name":"Strona g\u0142\u00f3wna","item":"https:\/\/manufakturaumarty.pl\/"},{"@type":"ListItem","position":2,"name":"Shop","item":"https:\/\/manufakturaumarty.pl\/?page_id=6"},{"@type":"ListItem","position":3,"name":"Sojowa Stokrotka Czerwony \u015arodek &#8211; Na Podzi\u0119kowanie dla go\u015bci"}]},{"@type":"WebSite","@id":"https:\/\/manufakturaumarty.pl\/#website","url":"https:\/\/manufakturaumarty.pl\/","name":"manufakturaumarty","description":"Otul si\u0119 zapachem","publisher":{"@id":"https:\/\/manufakturaumarty.pl\/#organization"},"potentialAction":[{"@type":"SearchAction","target":{"@type":"EntryPoint","urlTemplate":"https:\/\/manufakturaumarty.pl\/?s={search_term_string}"},"query-input":{"@type":"PropertyValueSpecification","valueRequired":true,"valueName":"search_term_string"}}],"inLanguage":"pl-PL"},{"@type":"Organization","@id":"https:\/\/manufakturaumarty.pl\/#organization","name":"manufakturaumarty","url":"https:\/\/manufakturaumarty.pl\/","logo":{"@type":"ImageObject","inLanguage":"pl-PL","@id":"https:\/\/manufakturaumarty.pl\/#\/schema\/logo\/image\/","url":"https:\/\/manufakturaumarty.pl\/wp-content\/uploads\/2025\/01\/logo-1.png","contentUrl":"https:\/\/manufakturaumarty.pl\/wp-content\/uploads\/2025\/01\/logo-1.png","width":500,"height":500,"caption":"manufakturaumarty"},"image":{"@id":"https:\/\/manufakturaumarty.pl\/#\/schema\/logo\/image\/"}}]}},"jetpack_sharing_enabled":true,"_links":{"self":[{"href":"https:\/\/manufakturaumarty.pl\/index.php?rest_route=\/wp\/v2\/product\/2694","targetHints":{"allow":["GET"]}}],"collection":[{"href":"https:\/\/manufakturaumarty.pl\/index.php?rest_route=\/wp\/v2\/product"}],"about":[{"href":"https:\/\/manufakturaumarty.pl\/index.php?rest_route=\/wp\/v2\/types\/product"}],"replies":[{"embeddable":true,"href":"https:\/\/manufakturaumarty.pl\/index.php?rest_route=%2Fwp%2Fv2%2Fcomments&post=2694"}],"wp:featuredmedia":[{"embeddable":true,"href":"https:\/\/manufakturaumarty.pl\/index.php?rest_route=\/wp\/v2\/media\/2757"}],"wp:attachment":[{"href":"https:\/\/manufakturaumarty.pl\/index.php?rest_route=%2Fwp%2Fv2%2Fmedia&parent=2694"}],"wp:term":[{"taxonomy":"product_brand","embeddable":true,"href":"https:\/\/manufakturaumarty.pl\/index.php?rest_route=%2Fwp%2Fv2%2Fproduct_brand&post=2694"},{"taxonomy":"product_cat","embeddable":true,"href":"https:\/\/manufakturaumarty.pl\/index.php?rest_route=%2Fwp%2Fv2%2Fproduct_cat&post=2694"},{"taxonomy":"product_tag","embeddable":true,"href":"https:\/\/manufakturaumarty.pl\/index.php?rest_route=%2Fwp%2Fv2%2Fproduct_tag&post=2694"}],"curies":[{"name":"wp","href":"https:\/\/api.w.org\/{rel}","templated":true}]}}