{"id":2742,"date":"2025-08-23T17:06:40","date_gmt":"2025-08-23T15:06:40","guid":{"rendered":"https:\/\/manufakturaumarty.pl\/?post_type=product&#038;p=2742"},"modified":"2025-09-09T18:41:35","modified_gmt":"2025-09-09T16:41:35","slug":"swieca-w-szkle-250-ml-z-kwiatem-wisni","status":"publish","type":"product","link":"https:\/\/manufakturaumarty.pl\/?product=swieca-w-szkle-250-ml-z-kwiatem-wisni","title":{"rendered":"\u015awieca w szkle 250 ml z kwiatem wi\u015bni"},"content":{"rendered":"<p><strong>O \u015bwiecy:<\/strong><\/p>\n<ul>\n<li>Gramatura: 250 ml<\/li>\n<li>Czas palenia:\u00a040 godzin<\/li>\n<li>Wysoko\u015b\u0107 z pokrywk\u0105: 120 mm<\/li>\n<li>Wysoko\u015b\u0107 bez pokrywki: 50 mm<\/li>\n<li>\u015arednica: 105 mm<\/li>\n<\/ul>\n<p><strong>Sk\u0142ad \u015bwiecy:<\/strong><\/p>\n<ul>\n<li>Bawe\u0142niany knot<\/li>\n<li>Najwy\u017cszej jako\u015bci wosk sojowy<\/li>\n<li>Olejki najwy\u017cszej jako\u015bci<\/li>\n<li>Kwiat wi\u015bni<\/li>\n<\/ul>\n<p><strong>Zapach \u015bwiecy:<\/strong><\/p>\n<ul>\n<li>\u015awie\u017co ci\u0119ta piwonia<\/li>\n<\/ul>\n<p><strong>Jak pali\u0107 \u015bwiece sojowe?<\/strong><\/p>\n<ul>\n<li><strong>Zawsze pami\u0119taj, aby \u015bwieca zosta\u0142a odpalona w momencie, gdy osi\u0105gnie temperatur\u0119 pokojow\u0105<\/strong>. Nigdy nie zapalaj \u015bwiecy bezpo\u015brednio po otwarciu paczki, gdy jest zimna a na dworze panuje ujemna temperatura b\u0105d\u017a ni\u017csza ni\u017c temperatura w Twoim domu.<\/li>\n<li>Pami\u0119taj r\u00f3wnie\u017c, aby\u00a0<strong>knot przed zapaleniem \u015bwiecy nie by\u0142 d\u0142u\u017cszy ni\u017c 0,5 cm<\/strong>. Moje \u015bwiece przed wysy\u0142k\u0105 maj\u0105 odpowiednio przyci\u0119ty knot i przygotowany do prawid\u0142owego odpalenia \u015bwiecy. Pami\u0119taj jednak aby przy ka\u017cdym kolejnym odpaleni by\u0142 on takiej wysoko\u015bci.<\/li>\n<li><strong>Podczas pierwszego odpalenia \u015bwiecy umie\u015b\u0107 \u015bwiec\u0119 na podstawce i pozw\u00f3l jej wype\u0142ni\u0107 swoim zapachem ca\u0142e Twoje wn\u0119trze.<\/strong>\u00a0Pal j\u0105\u00a0<strong>minimum przez 3 godziny\u00a0<\/strong>lub do roztopienia si\u0119 wosku na ca\u0142ej jej g\u00f3rnej powierzchni. Wszystko zale\u017cy od wielko\u015bci \u015bwiecy. Im mniejsza \u015bwieca tym kr\u00f3cej j\u0105 palisz.<\/li>\n<li>Po odpaleniu postaw \u015bwiec\u0119 w\u00a0<strong>odleg\u0142o\u015bci minimum 10 cm od najbli\u017cszych przedmiot\u00f3w.<\/strong><\/li>\n<li><strong>Pami\u0119taj aby nigdy nie pali\u0107 \u015bwiecy do ko\u0144ca<\/strong>. Zostaw na dnie minimum 0,5 cm wosku i od razu zam\u00f3w kolejn\u0105 \u015bwiec\u0119.<\/li>\n<li>Ka\u017cde palenie \u015bwiecy\u00a0<strong>nie powinno trwa\u0107 d\u0142u\u017cej ni\u017c 3 godziny<\/strong>\u00a0\u2013 to pozwala utrzyma\u0107 ca\u0142y czas t\u0119 sam\u0105 wo\u0144 zapachu a tym samym wydajno\u015b\u0107 \u015bwiecy.<\/li>\n<li><strong>Najlepiej ga\u015b \u015bwiece u\u017cywaj\u0105c do tego specjalnego gasid\u0142a.<\/strong> Nigdy po zgaszeniu knota nie zamykaj \u015bwiecy wieczkiem. Pozw\u00f3l by dym si\u0119 ulotni\u0142 a knot wystyg\u0142.<\/li>\n<\/ul>\n","protected":false},"excerpt":{"rendered":"<p>O \u015bwiecy: Gramatura: 250 ml Czas palenia:\u00a040 godzin Wysoko\u015b\u0107 z pokrywk\u0105: 120 mm Wysoko\u015b\u0107 bez pokrywki: 50 mm \u015arednica: 105 mm Sk\u0142ad \u015bwiecy: Bawe\u0142niany knot Najwy\u017cszej jako\u015bci wosk sojowy Olejki najwy\u017cszej jako\u015bci Kwiat wi\u015bni Zapach \u015bwiecy: \u015awie\u017co ci\u0119ta piwonia Jak pali\u0107 \u015bwiece sojowe? Zawsze pami\u0119taj, aby \u015bwieca zosta\u0142a odpalona w momencie, gdy osi\u0105gnie temperatur\u0119 pokojow\u0105. [&hellip;]<\/p>\n","protected":false},"featured_media":2787,"comment_status":"closed","ping_status":"closed","template":"","meta":{"_et_pb_use_builder":"","_et_pb_old_content":"","_et_gb_content_width":"","_glsr_average":0,"_glsr_ranking":0,"_glsr_reviews":0},"product_brand":[],"product_cat":[208],"product_tag":[],"class_list":{"0":"post-2742","1":"product","2":"type-product","3":"status-publish","4":"has-post-thumbnail","6":"product_cat-dostepne-od-reki","8":"first","9":"instock","10":"taxable","11":"shipping-taxable","12":"purchasable","13":"product-type-simple"},"yoast_head":"<!-- This site is optimized with the Yoast SEO plugin v25.8 - https:\/\/yoast.com\/wordpress\/plugins\/seo\/ -->\n<title>\u015awieca w szkle 250 ml z kwiatem wi\u015bni - manufakturaumarty<\/title>\n<meta name=\"robots\" content=\"index, follow, max-snippet:-1, max-image-preview:large, max-video-preview:-1\" \/>\n<link rel=\"canonical\" href=\"https:\/\/manufakturaumarty.pl\/?product=swieca-w-szkle-250-ml-z-kwiatem-wisni\" \/>\n<meta property=\"og:locale\" content=\"pl_PL\" \/>\n<meta property=\"og:type\" content=\"article\" \/>\n<meta property=\"og:title\" content=\"\u015awieca w szkle 250 ml z kwiatem wi\u015bni - manufakturaumarty\" \/>\n<meta property=\"og:description\" content=\"O \u015bwiecy: Gramatura: 250 ml Czas palenia:\u00a040 godzin Wysoko\u015b\u0107 z pokrywk\u0105: 120 mm Wysoko\u015b\u0107 bez pokrywki: 50 mm \u015arednica: 105 mm Sk\u0142ad \u015bwiecy: Bawe\u0142niany knot Najwy\u017cszej jako\u015bci wosk sojowy Olejki najwy\u017cszej jako\u015bci Kwiat wi\u015bni Zapach \u015bwiecy: \u015awie\u017co ci\u0119ta piwonia Jak pali\u0107 \u015bwiece sojowe? Zawsze pami\u0119taj, aby \u015bwieca zosta\u0142a odpalona w momencie, gdy osi\u0105gnie temperatur\u0119 pokojow\u0105. [&hellip;]\" \/>\n<meta property=\"og:url\" content=\"https:\/\/manufakturaumarty.pl\/?product=swieca-w-szkle-250-ml-z-kwiatem-wisni\" \/>\n<meta property=\"og:site_name\" content=\"manufakturaumarty\" \/>\n<meta property=\"article:modified_time\" content=\"2025-09-09T16:41:35+00:00\" \/>\n<meta property=\"og:image\" content=\"https:\/\/manufakturaumarty.pl\/wp-content\/uploads\/2025\/08\/IMG_20250825_141937-scaled.jpg\" \/>\n\t<meta property=\"og:image:width\" content=\"2560\" \/>\n\t<meta property=\"og:image:height\" content=\"1920\" \/>\n\t<meta property=\"og:image:type\" content=\"image\/jpeg\" \/>\n<meta name=\"twitter:card\" content=\"summary_large_image\" \/>\n<meta name=\"twitter:label1\" content=\"Szacowany czas czytania\" \/>\n\t<meta name=\"twitter:data1\" content=\"2 minuty\" \/>\n<script type=\"application\/ld+json\" class=\"yoast-schema-graph\">{\"@context\":\"https:\/\/schema.org\",\"@graph\":[{\"@type\":\"WebPage\",\"@id\":\"https:\/\/manufakturaumarty.pl\/?product=swieca-w-szkle-250-ml-z-kwiatem-wisni\",\"url\":\"https:\/\/manufakturaumarty.pl\/?product=swieca-w-szkle-250-ml-z-kwiatem-wisni\",\"name\":\"\u015awieca w szkle 250 ml z kwiatem wi\u015bni - manufakturaumarty\",\"isPartOf\":{\"@id\":\"https:\/\/manufakturaumarty.pl\/#website\"},\"primaryImageOfPage\":{\"@id\":\"https:\/\/manufakturaumarty.pl\/?product=swieca-w-szkle-250-ml-z-kwiatem-wisni#primaryimage\"},\"image\":{\"@id\":\"https:\/\/manufakturaumarty.pl\/?product=swieca-w-szkle-250-ml-z-kwiatem-wisni#primaryimage\"},\"thumbnailUrl\":\"https:\/\/manufakturaumarty.pl\/wp-content\/uploads\/2025\/08\/IMG_20250825_141937-scaled.jpg\",\"datePublished\":\"2025-08-23T15:06:40+00:00\",\"dateModified\":\"2025-09-09T16:41:35+00:00\",\"breadcrumb\":{\"@id\":\"https:\/\/manufakturaumarty.pl\/?product=swieca-w-szkle-250-ml-z-kwiatem-wisni#breadcrumb\"},\"inLanguage\":\"pl-PL\",\"potentialAction\":[{\"@type\":\"ReadAction\",\"target\":[\"https:\/\/manufakturaumarty.pl\/?product=swieca-w-szkle-250-ml-z-kwiatem-wisni\"]}]},{\"@type\":\"ImageObject\",\"inLanguage\":\"pl-PL\",\"@id\":\"https:\/\/manufakturaumarty.pl\/?product=swieca-w-szkle-250-ml-z-kwiatem-wisni#primaryimage\",\"url\":\"https:\/\/manufakturaumarty.pl\/wp-content\/uploads\/2025\/08\/IMG_20250825_141937-scaled.jpg\",\"contentUrl\":\"https:\/\/manufakturaumarty.pl\/wp-content\/uploads\/2025\/08\/IMG_20250825_141937-scaled.jpg\",\"width\":2560,\"height\":1920},{\"@type\":\"BreadcrumbList\",\"@id\":\"https:\/\/manufakturaumarty.pl\/?product=swieca-w-szkle-250-ml-z-kwiatem-wisni#breadcrumb\",\"itemListElement\":[{\"@type\":\"ListItem\",\"position\":1,\"name\":\"Strona g\u0142\u00f3wna\",\"item\":\"https:\/\/manufakturaumarty.pl\/\"},{\"@type\":\"ListItem\",\"position\":2,\"name\":\"Shop\",\"item\":\"https:\/\/manufakturaumarty.pl\/?page_id=6\"},{\"@type\":\"ListItem\",\"position\":3,\"name\":\"\u015awieca w szkle 250 ml z kwiatem wi\u015bni\"}]},{\"@type\":\"WebSite\",\"@id\":\"https:\/\/manufakturaumarty.pl\/#website\",\"url\":\"https:\/\/manufakturaumarty.pl\/\",\"name\":\"manufakturaumarty\",\"description\":\"Otul si\u0119 zapachem\",\"publisher\":{\"@id\":\"https:\/\/manufakturaumarty.pl\/#organization\"},\"potentialAction\":[{\"@type\":\"SearchAction\",\"target\":{\"@type\":\"EntryPoint\",\"urlTemplate\":\"https:\/\/manufakturaumarty.pl\/?s={search_term_string}\"},\"query-input\":{\"@type\":\"PropertyValueSpecification\",\"valueRequired\":true,\"valueName\":\"search_term_string\"}}],\"inLanguage\":\"pl-PL\"},{\"@type\":\"Organization\",\"@id\":\"https:\/\/manufakturaumarty.pl\/#organization\",\"name\":\"manufakturaumarty\",\"url\":\"https:\/\/manufakturaumarty.pl\/\",\"logo\":{\"@type\":\"ImageObject\",\"inLanguage\":\"pl-PL\",\"@id\":\"https:\/\/manufakturaumarty.pl\/#\/schema\/logo\/image\/\",\"url\":\"https:\/\/manufakturaumarty.pl\/wp-content\/uploads\/2025\/01\/logo-1.png\",\"contentUrl\":\"https:\/\/manufakturaumarty.pl\/wp-content\/uploads\/2025\/01\/logo-1.png\",\"width\":500,\"height\":500,\"caption\":\"manufakturaumarty\"},\"image\":{\"@id\":\"https:\/\/manufakturaumarty.pl\/#\/schema\/logo\/image\/\"}}]}<\/script>\n<!-- \/ Yoast SEO plugin. -->","yoast_head_json":{"title":"\u015awieca w szkle 250 ml z kwiatem wi\u015bni - manufakturaumarty","robots":{"index":"index","follow":"follow","max-snippet":"max-snippet:-1","max-image-preview":"max-image-preview:large","max-video-preview":"max-video-preview:-1"},"canonical":"https:\/\/manufakturaumarty.pl\/?product=swieca-w-szkle-250-ml-z-kwiatem-wisni","og_locale":"pl_PL","og_type":"article","og_title":"\u015awieca w szkle 250 ml z kwiatem wi\u015bni - manufakturaumarty","og_description":"O \u015bwiecy: Gramatura: 250 ml Czas palenia:\u00a040 godzin Wysoko\u015b\u0107 z pokrywk\u0105: 120 mm Wysoko\u015b\u0107 bez pokrywki: 50 mm \u015arednica: 105 mm Sk\u0142ad \u015bwiecy: Bawe\u0142niany knot Najwy\u017cszej jako\u015bci wosk sojowy Olejki najwy\u017cszej jako\u015bci Kwiat wi\u015bni Zapach \u015bwiecy: \u015awie\u017co ci\u0119ta piwonia Jak pali\u0107 \u015bwiece sojowe? Zawsze pami\u0119taj, aby \u015bwieca zosta\u0142a odpalona w momencie, gdy osi\u0105gnie temperatur\u0119 pokojow\u0105. [&hellip;]","og_url":"https:\/\/manufakturaumarty.pl\/?product=swieca-w-szkle-250-ml-z-kwiatem-wisni","og_site_name":"manufakturaumarty","article_modified_time":"2025-09-09T16:41:35+00:00","og_image":[{"width":2560,"height":1920,"url":"https:\/\/manufakturaumarty.pl\/wp-content\/uploads\/2025\/08\/IMG_20250825_141937-scaled.jpg","type":"image\/jpeg"}],"twitter_card":"summary_large_image","twitter_misc":{"Szacowany czas czytania":"2 minuty"},"schema":{"@context":"https:\/\/schema.org","@graph":[{"@type":"WebPage","@id":"https:\/\/manufakturaumarty.pl\/?product=swieca-w-szkle-250-ml-z-kwiatem-wisni","url":"https:\/\/manufakturaumarty.pl\/?product=swieca-w-szkle-250-ml-z-kwiatem-wisni","name":"\u015awieca w szkle 250 ml z kwiatem wi\u015bni - manufakturaumarty","isPartOf":{"@id":"https:\/\/manufakturaumarty.pl\/#website"},"primaryImageOfPage":{"@id":"https:\/\/manufakturaumarty.pl\/?product=swieca-w-szkle-250-ml-z-kwiatem-wisni#primaryimage"},"image":{"@id":"https:\/\/manufakturaumarty.pl\/?product=swieca-w-szkle-250-ml-z-kwiatem-wisni#primaryimage"},"thumbnailUrl":"https:\/\/manufakturaumarty.pl\/wp-content\/uploads\/2025\/08\/IMG_20250825_141937-scaled.jpg","datePublished":"2025-08-23T15:06:40+00:00","dateModified":"2025-09-09T16:41:35+00:00","breadcrumb":{"@id":"https:\/\/manufakturaumarty.pl\/?product=swieca-w-szkle-250-ml-z-kwiatem-wisni#breadcrumb"},"inLanguage":"pl-PL","potentialAction":[{"@type":"ReadAction","target":["https:\/\/manufakturaumarty.pl\/?product=swieca-w-szkle-250-ml-z-kwiatem-wisni"]}]},{"@type":"ImageObject","inLanguage":"pl-PL","@id":"https:\/\/manufakturaumarty.pl\/?product=swieca-w-szkle-250-ml-z-kwiatem-wisni#primaryimage","url":"https:\/\/manufakturaumarty.pl\/wp-content\/uploads\/2025\/08\/IMG_20250825_141937-scaled.jpg","contentUrl":"https:\/\/manufakturaumarty.pl\/wp-content\/uploads\/2025\/08\/IMG_20250825_141937-scaled.jpg","width":2560,"height":1920},{"@type":"BreadcrumbList","@id":"https:\/\/manufakturaumarty.pl\/?product=swieca-w-szkle-250-ml-z-kwiatem-wisni#breadcrumb","itemListElement":[{"@type":"ListItem","position":1,"name":"Strona g\u0142\u00f3wna","item":"https:\/\/manufakturaumarty.pl\/"},{"@type":"ListItem","position":2,"name":"Shop","item":"https:\/\/manufakturaumarty.pl\/?page_id=6"},{"@type":"ListItem","position":3,"name":"\u015awieca w szkle 250 ml z kwiatem wi\u015bni"}]},{"@type":"WebSite","@id":"https:\/\/manufakturaumarty.pl\/#website","url":"https:\/\/manufakturaumarty.pl\/","name":"manufakturaumarty","description":"Otul si\u0119 zapachem","publisher":{"@id":"https:\/\/manufakturaumarty.pl\/#organization"},"potentialAction":[{"@type":"SearchAction","target":{"@type":"EntryPoint","urlTemplate":"https:\/\/manufakturaumarty.pl\/?s={search_term_string}"},"query-input":{"@type":"PropertyValueSpecification","valueRequired":true,"valueName":"search_term_string"}}],"inLanguage":"pl-PL"},{"@type":"Organization","@id":"https:\/\/manufakturaumarty.pl\/#organization","name":"manufakturaumarty","url":"https:\/\/manufakturaumarty.pl\/","logo":{"@type":"ImageObject","inLanguage":"pl-PL","@id":"https:\/\/manufakturaumarty.pl\/#\/schema\/logo\/image\/","url":"https:\/\/manufakturaumarty.pl\/wp-content\/uploads\/2025\/01\/logo-1.png","contentUrl":"https:\/\/manufakturaumarty.pl\/wp-content\/uploads\/2025\/01\/logo-1.png","width":500,"height":500,"caption":"manufakturaumarty"},"image":{"@id":"https:\/\/manufakturaumarty.pl\/#\/schema\/logo\/image\/"}}]}},"jetpack_sharing_enabled":true,"_links":{"self":[{"href":"https:\/\/manufakturaumarty.pl\/index.php?rest_route=\/wp\/v2\/product\/2742","targetHints":{"allow":["GET"]}}],"collection":[{"href":"https:\/\/manufakturaumarty.pl\/index.php?rest_route=\/wp\/v2\/product"}],"about":[{"href":"https:\/\/manufakturaumarty.pl\/index.php?rest_route=\/wp\/v2\/types\/product"}],"replies":[{"embeddable":true,"href":"https:\/\/manufakturaumarty.pl\/index.php?rest_route=%2Fwp%2Fv2%2Fcomments&post=2742"}],"wp:featuredmedia":[{"embeddable":true,"href":"https:\/\/manufakturaumarty.pl\/index.php?rest_route=\/wp\/v2\/media\/2787"}],"wp:attachment":[{"href":"https:\/\/manufakturaumarty.pl\/index.php?rest_route=%2Fwp%2Fv2%2Fmedia&parent=2742"}],"wp:term":[{"taxonomy":"product_brand","embeddable":true,"href":"https:\/\/manufakturaumarty.pl\/index.php?rest_route=%2Fwp%2Fv2%2Fproduct_brand&post=2742"},{"taxonomy":"product_cat","embeddable":true,"href":"https:\/\/manufakturaumarty.pl\/index.php?rest_route=%2Fwp%2Fv2%2Fproduct_cat&post=2742"},{"taxonomy":"product_tag","embeddable":true,"href":"https:\/\/manufakturaumarty.pl\/index.php?rest_route=%2Fwp%2Fv2%2Fproduct_tag&post=2742"}],"curies":[{"name":"wp","href":"https:\/\/api.w.org\/{rel}","templated":true}]}}