{"id":2817,"date":"2025-08-25T17:30:23","date_gmt":"2025-08-25T15:30:23","guid":{"rendered":"https:\/\/manufakturaumarty.pl\/?post_type=product&#038;p=2817"},"modified":"2025-08-27T21:53:55","modified_gmt":"2025-08-27T19:53:55","slug":"box-prezentowy-3-serca-swiece-wolnostojace","status":"publish","type":"product","link":"https:\/\/manufakturaumarty.pl\/?product=box-prezentowy-3-serca-swiece-wolnostojace","title":{"rendered":"Box Prezentowy 3 Serca \u015bwiece wolnostoj\u0105ce"},"content":{"rendered":"<p><strong>Gotowy prezent dla przyjaci\u00f3\u0142ki, mamy, te\u015bciowej lub znajomej<\/strong><\/p>\n<ul>\n<li>3 \u015bwiece wolnostoj\u0105ce &#8211; Serca o zapachu wanilii<\/li>\n<li>Wymiary pude\u0142ka z okienkiem :\u00a021 x 22 cm<\/li>\n<\/ul>\n<p><strong>Sk\u0142ad :<\/strong><\/p>\n<ul>\n<li>Najwy\u017cszej jako\u015bci wosk sojowy<\/li>\n<li>Olejki najwy\u017cszej jako\u015bci<\/li>\n<li>Zielona Kokarda<\/li>\n<li>\u015awiece zapakowane s\u0105 w organz\u0119<\/li>\n<\/ul>\n<p><strong>Zapach \u015bwiecy:<\/strong><\/p>\n<ul>\n<li>Wanilia<\/li>\n<\/ul>\n<p>Czas realizacji 2- 5 dni roboczych<\/p>\n","protected":false},"excerpt":{"rendered":"<p>Gotowy prezent dla przyjaci\u00f3\u0142ki, mamy, te\u015bciowej lub znajomej 3 \u015bwiece wolnostoj\u0105ce &#8211; Serca o zapachu wanilii Wymiary pude\u0142ka z okienkiem :\u00a021 x 22 cm Sk\u0142ad : Najwy\u017cszej jako\u015bci wosk sojowy Olejki najwy\u017cszej jako\u015bci Zielona Kokarda \u015awiece zapakowane s\u0105 w organz\u0119 Zapach \u015bwiecy: Wanilia Czas realizacji 2- 5 dni roboczych<\/p>\n","protected":false},"featured_media":2834,"comment_status":"closed","ping_status":"closed","template":"","meta":{"_et_pb_use_builder":"","_et_pb_old_content":"","_et_gb_content_width":"","_glsr_average":0,"_glsr_ranking":0,"_glsr_reviews":0},"product_brand":[],"product_cat":[208],"product_tag":[],"class_list":{"0":"post-2817","1":"product","2":"type-product","3":"status-publish","4":"has-post-thumbnail","6":"product_cat-dostepne-od-reki","8":"first","9":"instock","10":"taxable","11":"shipping-taxable","12":"purchasable","13":"product-type-simple"},"yoast_head":"<!-- This site is optimized with the Yoast SEO plugin v25.8 - https:\/\/yoast.com\/wordpress\/plugins\/seo\/ -->\n<title>Box Prezentowy 3 Serca \u015bwiece wolnostoj\u0105ce - manufakturaumarty<\/title>\n<meta name=\"robots\" content=\"index, follow, max-snippet:-1, max-image-preview:large, max-video-preview:-1\" \/>\n<link rel=\"canonical\" href=\"https:\/\/manufakturaumarty.pl\/?product=box-prezentowy-3-serca-swiece-wolnostojace\" \/>\n<meta property=\"og:locale\" content=\"pl_PL\" \/>\n<meta property=\"og:type\" content=\"article\" \/>\n<meta property=\"og:title\" content=\"Box Prezentowy 3 Serca \u015bwiece wolnostoj\u0105ce - manufakturaumarty\" \/>\n<meta property=\"og:description\" content=\"Gotowy prezent dla przyjaci\u00f3\u0142ki, mamy, te\u015bciowej lub znajomej 3 \u015bwiece wolnostoj\u0105ce &#8211; Serca o zapachu wanilii Wymiary pude\u0142ka z okienkiem :\u00a021 x 22 cm Sk\u0142ad : Najwy\u017cszej jako\u015bci wosk sojowy Olejki najwy\u017cszej jako\u015bci Zielona Kokarda \u015awiece zapakowane s\u0105 w organz\u0119 Zapach \u015bwiecy: Wanilia Czas realizacji 2- 5 dni roboczych\" \/>\n<meta property=\"og:url\" content=\"https:\/\/manufakturaumarty.pl\/?product=box-prezentowy-3-serca-swiece-wolnostojace\" \/>\n<meta property=\"og:site_name\" content=\"manufakturaumarty\" \/>\n<meta property=\"article:modified_time\" content=\"2025-08-27T19:53:55+00:00\" \/>\n<meta property=\"og:image\" content=\"https:\/\/manufakturaumarty.pl\/wp-content\/uploads\/2025\/08\/IMG_20250825_160746-scaled.jpg\" \/>\n\t<meta property=\"og:image:width\" content=\"2560\" \/>\n\t<meta property=\"og:image:height\" content=\"1920\" \/>\n\t<meta property=\"og:image:type\" content=\"image\/jpeg\" \/>\n<meta name=\"twitter:card\" content=\"summary_large_image\" \/>\n<meta name=\"twitter:label1\" content=\"Szacowany czas czytania\" \/>\n\t<meta name=\"twitter:data1\" content=\"1 minuta\" \/>\n<script type=\"application\/ld+json\" class=\"yoast-schema-graph\">{\"@context\":\"https:\/\/schema.org\",\"@graph\":[{\"@type\":\"WebPage\",\"@id\":\"https:\/\/manufakturaumarty.pl\/?product=box-prezentowy-3-serca-swiece-wolnostojace\",\"url\":\"https:\/\/manufakturaumarty.pl\/?product=box-prezentowy-3-serca-swiece-wolnostojace\",\"name\":\"Box Prezentowy 3 Serca \u015bwiece wolnostoj\u0105ce - manufakturaumarty\",\"isPartOf\":{\"@id\":\"https:\/\/manufakturaumarty.pl\/#website\"},\"primaryImageOfPage\":{\"@id\":\"https:\/\/manufakturaumarty.pl\/?product=box-prezentowy-3-serca-swiece-wolnostojace#primaryimage\"},\"image\":{\"@id\":\"https:\/\/manufakturaumarty.pl\/?product=box-prezentowy-3-serca-swiece-wolnostojace#primaryimage\"},\"thumbnailUrl\":\"https:\/\/manufakturaumarty.pl\/wp-content\/uploads\/2025\/08\/IMG_20250825_160746-scaled.jpg\",\"datePublished\":\"2025-08-25T15:30:23+00:00\",\"dateModified\":\"2025-08-27T19:53:55+00:00\",\"breadcrumb\":{\"@id\":\"https:\/\/manufakturaumarty.pl\/?product=box-prezentowy-3-serca-swiece-wolnostojace#breadcrumb\"},\"inLanguage\":\"pl-PL\",\"potentialAction\":[{\"@type\":\"ReadAction\",\"target\":[\"https:\/\/manufakturaumarty.pl\/?product=box-prezentowy-3-serca-swiece-wolnostojace\"]}]},{\"@type\":\"ImageObject\",\"inLanguage\":\"pl-PL\",\"@id\":\"https:\/\/manufakturaumarty.pl\/?product=box-prezentowy-3-serca-swiece-wolnostojace#primaryimage\",\"url\":\"https:\/\/manufakturaumarty.pl\/wp-content\/uploads\/2025\/08\/IMG_20250825_160746-scaled.jpg\",\"contentUrl\":\"https:\/\/manufakturaumarty.pl\/wp-content\/uploads\/2025\/08\/IMG_20250825_160746-scaled.jpg\",\"width\":2560,\"height\":1920},{\"@type\":\"BreadcrumbList\",\"@id\":\"https:\/\/manufakturaumarty.pl\/?product=box-prezentowy-3-serca-swiece-wolnostojace#breadcrumb\",\"itemListElement\":[{\"@type\":\"ListItem\",\"position\":1,\"name\":\"Strona g\u0142\u00f3wna\",\"item\":\"https:\/\/manufakturaumarty.pl\/\"},{\"@type\":\"ListItem\",\"position\":2,\"name\":\"Shop\",\"item\":\"https:\/\/manufakturaumarty.pl\/?page_id=6\"},{\"@type\":\"ListItem\",\"position\":3,\"name\":\"Box Prezentowy 3 Serca \u015bwiece wolnostoj\u0105ce\"}]},{\"@type\":\"WebSite\",\"@id\":\"https:\/\/manufakturaumarty.pl\/#website\",\"url\":\"https:\/\/manufakturaumarty.pl\/\",\"name\":\"manufakturaumarty\",\"description\":\"Otul si\u0119 zapachem\",\"publisher\":{\"@id\":\"https:\/\/manufakturaumarty.pl\/#organization\"},\"potentialAction\":[{\"@type\":\"SearchAction\",\"target\":{\"@type\":\"EntryPoint\",\"urlTemplate\":\"https:\/\/manufakturaumarty.pl\/?s={search_term_string}\"},\"query-input\":{\"@type\":\"PropertyValueSpecification\",\"valueRequired\":true,\"valueName\":\"search_term_string\"}}],\"inLanguage\":\"pl-PL\"},{\"@type\":\"Organization\",\"@id\":\"https:\/\/manufakturaumarty.pl\/#organization\",\"name\":\"manufakturaumarty\",\"url\":\"https:\/\/manufakturaumarty.pl\/\",\"logo\":{\"@type\":\"ImageObject\",\"inLanguage\":\"pl-PL\",\"@id\":\"https:\/\/manufakturaumarty.pl\/#\/schema\/logo\/image\/\",\"url\":\"https:\/\/manufakturaumarty.pl\/wp-content\/uploads\/2025\/01\/logo-1.png\",\"contentUrl\":\"https:\/\/manufakturaumarty.pl\/wp-content\/uploads\/2025\/01\/logo-1.png\",\"width\":500,\"height\":500,\"caption\":\"manufakturaumarty\"},\"image\":{\"@id\":\"https:\/\/manufakturaumarty.pl\/#\/schema\/logo\/image\/\"}}]}<\/script>\n<!-- \/ Yoast SEO plugin. -->","yoast_head_json":{"title":"Box Prezentowy 3 Serca \u015bwiece wolnostoj\u0105ce - manufakturaumarty","robots":{"index":"index","follow":"follow","max-snippet":"max-snippet:-1","max-image-preview":"max-image-preview:large","max-video-preview":"max-video-preview:-1"},"canonical":"https:\/\/manufakturaumarty.pl\/?product=box-prezentowy-3-serca-swiece-wolnostojace","og_locale":"pl_PL","og_type":"article","og_title":"Box Prezentowy 3 Serca \u015bwiece wolnostoj\u0105ce - manufakturaumarty","og_description":"Gotowy prezent dla przyjaci\u00f3\u0142ki, mamy, te\u015bciowej lub znajomej 3 \u015bwiece wolnostoj\u0105ce &#8211; Serca o zapachu wanilii Wymiary pude\u0142ka z okienkiem :\u00a021 x 22 cm Sk\u0142ad : Najwy\u017cszej jako\u015bci wosk sojowy Olejki najwy\u017cszej jako\u015bci Zielona Kokarda \u015awiece zapakowane s\u0105 w organz\u0119 Zapach \u015bwiecy: Wanilia Czas realizacji 2- 5 dni roboczych","og_url":"https:\/\/manufakturaumarty.pl\/?product=box-prezentowy-3-serca-swiece-wolnostojace","og_site_name":"manufakturaumarty","article_modified_time":"2025-08-27T19:53:55+00:00","og_image":[{"width":2560,"height":1920,"url":"https:\/\/manufakturaumarty.pl\/wp-content\/uploads\/2025\/08\/IMG_20250825_160746-scaled.jpg","type":"image\/jpeg"}],"twitter_card":"summary_large_image","twitter_misc":{"Szacowany czas czytania":"1 minuta"},"schema":{"@context":"https:\/\/schema.org","@graph":[{"@type":"WebPage","@id":"https:\/\/manufakturaumarty.pl\/?product=box-prezentowy-3-serca-swiece-wolnostojace","url":"https:\/\/manufakturaumarty.pl\/?product=box-prezentowy-3-serca-swiece-wolnostojace","name":"Box Prezentowy 3 Serca \u015bwiece wolnostoj\u0105ce - manufakturaumarty","isPartOf":{"@id":"https:\/\/manufakturaumarty.pl\/#website"},"primaryImageOfPage":{"@id":"https:\/\/manufakturaumarty.pl\/?product=box-prezentowy-3-serca-swiece-wolnostojace#primaryimage"},"image":{"@id":"https:\/\/manufakturaumarty.pl\/?product=box-prezentowy-3-serca-swiece-wolnostojace#primaryimage"},"thumbnailUrl":"https:\/\/manufakturaumarty.pl\/wp-content\/uploads\/2025\/08\/IMG_20250825_160746-scaled.jpg","datePublished":"2025-08-25T15:30:23+00:00","dateModified":"2025-08-27T19:53:55+00:00","breadcrumb":{"@id":"https:\/\/manufakturaumarty.pl\/?product=box-prezentowy-3-serca-swiece-wolnostojace#breadcrumb"},"inLanguage":"pl-PL","potentialAction":[{"@type":"ReadAction","target":["https:\/\/manufakturaumarty.pl\/?product=box-prezentowy-3-serca-swiece-wolnostojace"]}]},{"@type":"ImageObject","inLanguage":"pl-PL","@id":"https:\/\/manufakturaumarty.pl\/?product=box-prezentowy-3-serca-swiece-wolnostojace#primaryimage","url":"https:\/\/manufakturaumarty.pl\/wp-content\/uploads\/2025\/08\/IMG_20250825_160746-scaled.jpg","contentUrl":"https:\/\/manufakturaumarty.pl\/wp-content\/uploads\/2025\/08\/IMG_20250825_160746-scaled.jpg","width":2560,"height":1920},{"@type":"BreadcrumbList","@id":"https:\/\/manufakturaumarty.pl\/?product=box-prezentowy-3-serca-swiece-wolnostojace#breadcrumb","itemListElement":[{"@type":"ListItem","position":1,"name":"Strona g\u0142\u00f3wna","item":"https:\/\/manufakturaumarty.pl\/"},{"@type":"ListItem","position":2,"name":"Shop","item":"https:\/\/manufakturaumarty.pl\/?page_id=6"},{"@type":"ListItem","position":3,"name":"Box Prezentowy 3 Serca \u015bwiece wolnostoj\u0105ce"}]},{"@type":"WebSite","@id":"https:\/\/manufakturaumarty.pl\/#website","url":"https:\/\/manufakturaumarty.pl\/","name":"manufakturaumarty","description":"Otul si\u0119 zapachem","publisher":{"@id":"https:\/\/manufakturaumarty.pl\/#organization"},"potentialAction":[{"@type":"SearchAction","target":{"@type":"EntryPoint","urlTemplate":"https:\/\/manufakturaumarty.pl\/?s={search_term_string}"},"query-input":{"@type":"PropertyValueSpecification","valueRequired":true,"valueName":"search_term_string"}}],"inLanguage":"pl-PL"},{"@type":"Organization","@id":"https:\/\/manufakturaumarty.pl\/#organization","name":"manufakturaumarty","url":"https:\/\/manufakturaumarty.pl\/","logo":{"@type":"ImageObject","inLanguage":"pl-PL","@id":"https:\/\/manufakturaumarty.pl\/#\/schema\/logo\/image\/","url":"https:\/\/manufakturaumarty.pl\/wp-content\/uploads\/2025\/01\/logo-1.png","contentUrl":"https:\/\/manufakturaumarty.pl\/wp-content\/uploads\/2025\/01\/logo-1.png","width":500,"height":500,"caption":"manufakturaumarty"},"image":{"@id":"https:\/\/manufakturaumarty.pl\/#\/schema\/logo\/image\/"}}]}},"jetpack_sharing_enabled":true,"_links":{"self":[{"href":"https:\/\/manufakturaumarty.pl\/index.php?rest_route=\/wp\/v2\/product\/2817","targetHints":{"allow":["GET"]}}],"collection":[{"href":"https:\/\/manufakturaumarty.pl\/index.php?rest_route=\/wp\/v2\/product"}],"about":[{"href":"https:\/\/manufakturaumarty.pl\/index.php?rest_route=\/wp\/v2\/types\/product"}],"replies":[{"embeddable":true,"href":"https:\/\/manufakturaumarty.pl\/index.php?rest_route=%2Fwp%2Fv2%2Fcomments&post=2817"}],"wp:featuredmedia":[{"embeddable":true,"href":"https:\/\/manufakturaumarty.pl\/index.php?rest_route=\/wp\/v2\/media\/2834"}],"wp:attachment":[{"href":"https:\/\/manufakturaumarty.pl\/index.php?rest_route=%2Fwp%2Fv2%2Fmedia&parent=2817"}],"wp:term":[{"taxonomy":"product_brand","embeddable":true,"href":"https:\/\/manufakturaumarty.pl\/index.php?rest_route=%2Fwp%2Fv2%2Fproduct_brand&post=2817"},{"taxonomy":"product_cat","embeddable":true,"href":"https:\/\/manufakturaumarty.pl\/index.php?rest_route=%2Fwp%2Fv2%2Fproduct_cat&post=2817"},{"taxonomy":"product_tag","embeddable":true,"href":"https:\/\/manufakturaumarty.pl\/index.php?rest_route=%2Fwp%2Fv2%2Fproduct_tag&post=2817"}],"curies":[{"name":"wp","href":"https:\/\/api.w.org\/{rel}","templated":true}]}}