{"id":2868,"date":"2025-08-25T22:43:01","date_gmt":"2025-08-25T20:43:01","guid":{"rendered":"https:\/\/manufakturaumarty.pl\/?post_type=product&#038;p=2868"},"modified":"2025-08-27T21:45:01","modified_gmt":"2025-08-27T19:45:01","slug":"wianek-naturalny-z-kocanki-w-kolorze-kremowym","status":"publish","type":"product","link":"https:\/\/manufakturaumarty.pl\/?product=wianek-naturalny-z-kocanki-w-kolorze-kremowym","title":{"rendered":"Wianek Naturalny z Kocanki w kolorze Kremowym"},"content":{"rendered":"<p>Wianek upleciony z zasuszonej kocanki w kolorze kremowym. Wykonany na s\u0142omianym stala\u017cu.\u00a0Idealny do powieszenia na drzwi, \u015bciany w domu lub po\u0142o\u017cenia na st\u00f3\u0142 lub komod\u0119.<\/p>\n<p>Wianek ma oko\u0142o 35 cm \u015brednicy.<\/p>\n<p>Suszone wianki maj\u0105 to do siebie \u017ce zdobi\u0105 wn\u0119trze nawet kilka lat pod warunkiem \u017ce odpowiednio o nie dbamy:<\/p>\n<ul>\n<li>Nie trzymaj suszek w pe\u0142nym s\u0142o\u0144cu<\/li>\n<li>Unikaj wilgoci<\/li>\n<li>Odkurzaj ro\u015bliny regularnie za pomoc\u0105 suszarki lub spr\u0119\u017conego powietrza<\/li>\n<\/ul>\n<p><strong>Pami\u0119taj!<\/strong><\/p>\n<p>Wianek jest\u00a0 wykonany w duchu Zero Waste z naturalnych produkt\u00f3w dlatego mo\u017ce si\u0119 kruszy\u0107 i \u0142ama\u0107.<\/p>\n<p>To jest R\u0119kodzie\u0142o wykonane z najwi\u0119ksz\u0105 staranno\u015bci\u0105 i dba\u0142o\u015bci\u0105 o ka\u017cdy szczeg\u00f3\u0142. Wybieraj\u0105c m\u00f3j produkt wspierasz Polski rynek r\u0119kodzielnik\u00f3w<\/p>\n","protected":false},"excerpt":{"rendered":"<p>Wianek upleciony z zasuszonej kocanki w kolorze kremowym. Wykonany na s\u0142omianym stala\u017cu.\u00a0Idealny do powieszenia na drzwi, \u015bciany w domu lub po\u0142o\u017cenia na st\u00f3\u0142 lub komod\u0119. Wianek ma oko\u0142o 35 cm \u015brednicy. Suszone wianki maj\u0105 to do siebie \u017ce zdobi\u0105 wn\u0119trze nawet kilka lat pod warunkiem \u017ce odpowiednio o nie dbamy: Nie trzymaj suszek w pe\u0142nym [&hellip;]<\/p>\n","protected":false},"featured_media":2871,"comment_status":"closed","ping_status":"closed","template":"","meta":{"_et_pb_use_builder":"","_et_pb_old_content":"","_et_gb_content_width":"","_glsr_average":0,"_glsr_ranking":0,"_glsr_reviews":0},"product_brand":[],"product_cat":[209],"product_tag":[],"class_list":{"0":"post-2868","1":"product","2":"type-product","3":"status-publish","4":"has-post-thumbnail","6":"product_cat-wianki","8":"first","9":"instock","10":"taxable","11":"shipping-taxable","12":"purchasable","13":"product-type-simple"},"yoast_head":"<!-- This site is optimized with the Yoast SEO plugin v25.8 - https:\/\/yoast.com\/wordpress\/plugins\/seo\/ -->\n<title>Wianek Naturalny z Kocanki w kolorze Kremowym - manufakturaumarty<\/title>\n<meta name=\"robots\" content=\"index, follow, max-snippet:-1, max-image-preview:large, max-video-preview:-1\" \/>\n<link rel=\"canonical\" href=\"https:\/\/manufakturaumarty.pl\/?product=wianek-naturalny-z-kocanki-w-kolorze-kremowym\" \/>\n<meta property=\"og:locale\" content=\"pl_PL\" \/>\n<meta property=\"og:type\" content=\"article\" \/>\n<meta property=\"og:title\" content=\"Wianek Naturalny z Kocanki w kolorze Kremowym - manufakturaumarty\" \/>\n<meta property=\"og:description\" content=\"Wianek upleciony z zasuszonej kocanki w kolorze kremowym. Wykonany na s\u0142omianym stala\u017cu.\u00a0Idealny do powieszenia na drzwi, \u015bciany w domu lub po\u0142o\u017cenia na st\u00f3\u0142 lub komod\u0119. Wianek ma oko\u0142o 35 cm \u015brednicy. Suszone wianki maj\u0105 to do siebie \u017ce zdobi\u0105 wn\u0119trze nawet kilka lat pod warunkiem \u017ce odpowiednio o nie dbamy: Nie trzymaj suszek w pe\u0142nym [&hellip;]\" \/>\n<meta property=\"og:url\" content=\"https:\/\/manufakturaumarty.pl\/?product=wianek-naturalny-z-kocanki-w-kolorze-kremowym\" \/>\n<meta property=\"og:site_name\" content=\"manufakturaumarty\" \/>\n<meta property=\"article:modified_time\" content=\"2025-08-27T19:45:01+00:00\" \/>\n<meta property=\"og:image\" content=\"https:\/\/manufakturaumarty.pl\/wp-content\/uploads\/2025\/08\/IMG_20250825_181731-scaled.jpg\" \/>\n\t<meta property=\"og:image:width\" content=\"2560\" \/>\n\t<meta property=\"og:image:height\" content=\"1920\" \/>\n\t<meta property=\"og:image:type\" content=\"image\/jpeg\" \/>\n<meta name=\"twitter:card\" content=\"summary_large_image\" \/>\n<meta name=\"twitter:label1\" content=\"Szacowany czas czytania\" \/>\n\t<meta name=\"twitter:data1\" content=\"1 minuta\" \/>\n<script type=\"application\/ld+json\" class=\"yoast-schema-graph\">{\"@context\":\"https:\/\/schema.org\",\"@graph\":[{\"@type\":\"WebPage\",\"@id\":\"https:\/\/manufakturaumarty.pl\/?product=wianek-naturalny-z-kocanki-w-kolorze-kremowym\",\"url\":\"https:\/\/manufakturaumarty.pl\/?product=wianek-naturalny-z-kocanki-w-kolorze-kremowym\",\"name\":\"Wianek Naturalny z Kocanki w kolorze Kremowym - manufakturaumarty\",\"isPartOf\":{\"@id\":\"https:\/\/manufakturaumarty.pl\/#website\"},\"primaryImageOfPage\":{\"@id\":\"https:\/\/manufakturaumarty.pl\/?product=wianek-naturalny-z-kocanki-w-kolorze-kremowym#primaryimage\"},\"image\":{\"@id\":\"https:\/\/manufakturaumarty.pl\/?product=wianek-naturalny-z-kocanki-w-kolorze-kremowym#primaryimage\"},\"thumbnailUrl\":\"https:\/\/manufakturaumarty.pl\/wp-content\/uploads\/2025\/08\/IMG_20250825_181731-scaled.jpg\",\"datePublished\":\"2025-08-25T20:43:01+00:00\",\"dateModified\":\"2025-08-27T19:45:01+00:00\",\"breadcrumb\":{\"@id\":\"https:\/\/manufakturaumarty.pl\/?product=wianek-naturalny-z-kocanki-w-kolorze-kremowym#breadcrumb\"},\"inLanguage\":\"pl-PL\",\"potentialAction\":[{\"@type\":\"ReadAction\",\"target\":[\"https:\/\/manufakturaumarty.pl\/?product=wianek-naturalny-z-kocanki-w-kolorze-kremowym\"]}]},{\"@type\":\"ImageObject\",\"inLanguage\":\"pl-PL\",\"@id\":\"https:\/\/manufakturaumarty.pl\/?product=wianek-naturalny-z-kocanki-w-kolorze-kremowym#primaryimage\",\"url\":\"https:\/\/manufakturaumarty.pl\/wp-content\/uploads\/2025\/08\/IMG_20250825_181731-scaled.jpg\",\"contentUrl\":\"https:\/\/manufakturaumarty.pl\/wp-content\/uploads\/2025\/08\/IMG_20250825_181731-scaled.jpg\",\"width\":2560,\"height\":1920},{\"@type\":\"BreadcrumbList\",\"@id\":\"https:\/\/manufakturaumarty.pl\/?product=wianek-naturalny-z-kocanki-w-kolorze-kremowym#breadcrumb\",\"itemListElement\":[{\"@type\":\"ListItem\",\"position\":1,\"name\":\"Strona g\u0142\u00f3wna\",\"item\":\"https:\/\/manufakturaumarty.pl\/\"},{\"@type\":\"ListItem\",\"position\":2,\"name\":\"Shop\",\"item\":\"https:\/\/manufakturaumarty.pl\/?page_id=6\"},{\"@type\":\"ListItem\",\"position\":3,\"name\":\"Wianek Naturalny z Kocanki w kolorze Kremowym\"}]},{\"@type\":\"WebSite\",\"@id\":\"https:\/\/manufakturaumarty.pl\/#website\",\"url\":\"https:\/\/manufakturaumarty.pl\/\",\"name\":\"manufakturaumarty\",\"description\":\"Otul si\u0119 zapachem\",\"publisher\":{\"@id\":\"https:\/\/manufakturaumarty.pl\/#organization\"},\"potentialAction\":[{\"@type\":\"SearchAction\",\"target\":{\"@type\":\"EntryPoint\",\"urlTemplate\":\"https:\/\/manufakturaumarty.pl\/?s={search_term_string}\"},\"query-input\":{\"@type\":\"PropertyValueSpecification\",\"valueRequired\":true,\"valueName\":\"search_term_string\"}}],\"inLanguage\":\"pl-PL\"},{\"@type\":\"Organization\",\"@id\":\"https:\/\/manufakturaumarty.pl\/#organization\",\"name\":\"manufakturaumarty\",\"url\":\"https:\/\/manufakturaumarty.pl\/\",\"logo\":{\"@type\":\"ImageObject\",\"inLanguage\":\"pl-PL\",\"@id\":\"https:\/\/manufakturaumarty.pl\/#\/schema\/logo\/image\/\",\"url\":\"https:\/\/manufakturaumarty.pl\/wp-content\/uploads\/2025\/01\/logo-1.png\",\"contentUrl\":\"https:\/\/manufakturaumarty.pl\/wp-content\/uploads\/2025\/01\/logo-1.png\",\"width\":500,\"height\":500,\"caption\":\"manufakturaumarty\"},\"image\":{\"@id\":\"https:\/\/manufakturaumarty.pl\/#\/schema\/logo\/image\/\"}}]}<\/script>\n<!-- \/ Yoast SEO plugin. -->","yoast_head_json":{"title":"Wianek Naturalny z Kocanki w kolorze Kremowym - manufakturaumarty","robots":{"index":"index","follow":"follow","max-snippet":"max-snippet:-1","max-image-preview":"max-image-preview:large","max-video-preview":"max-video-preview:-1"},"canonical":"https:\/\/manufakturaumarty.pl\/?product=wianek-naturalny-z-kocanki-w-kolorze-kremowym","og_locale":"pl_PL","og_type":"article","og_title":"Wianek Naturalny z Kocanki w kolorze Kremowym - manufakturaumarty","og_description":"Wianek upleciony z zasuszonej kocanki w kolorze kremowym. Wykonany na s\u0142omianym stala\u017cu.\u00a0Idealny do powieszenia na drzwi, \u015bciany w domu lub po\u0142o\u017cenia na st\u00f3\u0142 lub komod\u0119. Wianek ma oko\u0142o 35 cm \u015brednicy. Suszone wianki maj\u0105 to do siebie \u017ce zdobi\u0105 wn\u0119trze nawet kilka lat pod warunkiem \u017ce odpowiednio o nie dbamy: Nie trzymaj suszek w pe\u0142nym [&hellip;]","og_url":"https:\/\/manufakturaumarty.pl\/?product=wianek-naturalny-z-kocanki-w-kolorze-kremowym","og_site_name":"manufakturaumarty","article_modified_time":"2025-08-27T19:45:01+00:00","og_image":[{"width":2560,"height":1920,"url":"https:\/\/manufakturaumarty.pl\/wp-content\/uploads\/2025\/08\/IMG_20250825_181731-scaled.jpg","type":"image\/jpeg"}],"twitter_card":"summary_large_image","twitter_misc":{"Szacowany czas czytania":"1 minuta"},"schema":{"@context":"https:\/\/schema.org","@graph":[{"@type":"WebPage","@id":"https:\/\/manufakturaumarty.pl\/?product=wianek-naturalny-z-kocanki-w-kolorze-kremowym","url":"https:\/\/manufakturaumarty.pl\/?product=wianek-naturalny-z-kocanki-w-kolorze-kremowym","name":"Wianek Naturalny z Kocanki w kolorze Kremowym - manufakturaumarty","isPartOf":{"@id":"https:\/\/manufakturaumarty.pl\/#website"},"primaryImageOfPage":{"@id":"https:\/\/manufakturaumarty.pl\/?product=wianek-naturalny-z-kocanki-w-kolorze-kremowym#primaryimage"},"image":{"@id":"https:\/\/manufakturaumarty.pl\/?product=wianek-naturalny-z-kocanki-w-kolorze-kremowym#primaryimage"},"thumbnailUrl":"https:\/\/manufakturaumarty.pl\/wp-content\/uploads\/2025\/08\/IMG_20250825_181731-scaled.jpg","datePublished":"2025-08-25T20:43:01+00:00","dateModified":"2025-08-27T19:45:01+00:00","breadcrumb":{"@id":"https:\/\/manufakturaumarty.pl\/?product=wianek-naturalny-z-kocanki-w-kolorze-kremowym#breadcrumb"},"inLanguage":"pl-PL","potentialAction":[{"@type":"ReadAction","target":["https:\/\/manufakturaumarty.pl\/?product=wianek-naturalny-z-kocanki-w-kolorze-kremowym"]}]},{"@type":"ImageObject","inLanguage":"pl-PL","@id":"https:\/\/manufakturaumarty.pl\/?product=wianek-naturalny-z-kocanki-w-kolorze-kremowym#primaryimage","url":"https:\/\/manufakturaumarty.pl\/wp-content\/uploads\/2025\/08\/IMG_20250825_181731-scaled.jpg","contentUrl":"https:\/\/manufakturaumarty.pl\/wp-content\/uploads\/2025\/08\/IMG_20250825_181731-scaled.jpg","width":2560,"height":1920},{"@type":"BreadcrumbList","@id":"https:\/\/manufakturaumarty.pl\/?product=wianek-naturalny-z-kocanki-w-kolorze-kremowym#breadcrumb","itemListElement":[{"@type":"ListItem","position":1,"name":"Strona g\u0142\u00f3wna","item":"https:\/\/manufakturaumarty.pl\/"},{"@type":"ListItem","position":2,"name":"Shop","item":"https:\/\/manufakturaumarty.pl\/?page_id=6"},{"@type":"ListItem","position":3,"name":"Wianek Naturalny z Kocanki w kolorze Kremowym"}]},{"@type":"WebSite","@id":"https:\/\/manufakturaumarty.pl\/#website","url":"https:\/\/manufakturaumarty.pl\/","name":"manufakturaumarty","description":"Otul si\u0119 zapachem","publisher":{"@id":"https:\/\/manufakturaumarty.pl\/#organization"},"potentialAction":[{"@type":"SearchAction","target":{"@type":"EntryPoint","urlTemplate":"https:\/\/manufakturaumarty.pl\/?s={search_term_string}"},"query-input":{"@type":"PropertyValueSpecification","valueRequired":true,"valueName":"search_term_string"}}],"inLanguage":"pl-PL"},{"@type":"Organization","@id":"https:\/\/manufakturaumarty.pl\/#organization","name":"manufakturaumarty","url":"https:\/\/manufakturaumarty.pl\/","logo":{"@type":"ImageObject","inLanguage":"pl-PL","@id":"https:\/\/manufakturaumarty.pl\/#\/schema\/logo\/image\/","url":"https:\/\/manufakturaumarty.pl\/wp-content\/uploads\/2025\/01\/logo-1.png","contentUrl":"https:\/\/manufakturaumarty.pl\/wp-content\/uploads\/2025\/01\/logo-1.png","width":500,"height":500,"caption":"manufakturaumarty"},"image":{"@id":"https:\/\/manufakturaumarty.pl\/#\/schema\/logo\/image\/"}}]}},"jetpack_sharing_enabled":true,"_links":{"self":[{"href":"https:\/\/manufakturaumarty.pl\/index.php?rest_route=\/wp\/v2\/product\/2868","targetHints":{"allow":["GET"]}}],"collection":[{"href":"https:\/\/manufakturaumarty.pl\/index.php?rest_route=\/wp\/v2\/product"}],"about":[{"href":"https:\/\/manufakturaumarty.pl\/index.php?rest_route=\/wp\/v2\/types\/product"}],"replies":[{"embeddable":true,"href":"https:\/\/manufakturaumarty.pl\/index.php?rest_route=%2Fwp%2Fv2%2Fcomments&post=2868"}],"wp:featuredmedia":[{"embeddable":true,"href":"https:\/\/manufakturaumarty.pl\/index.php?rest_route=\/wp\/v2\/media\/2871"}],"wp:attachment":[{"href":"https:\/\/manufakturaumarty.pl\/index.php?rest_route=%2Fwp%2Fv2%2Fmedia&parent=2868"}],"wp:term":[{"taxonomy":"product_brand","embeddable":true,"href":"https:\/\/manufakturaumarty.pl\/index.php?rest_route=%2Fwp%2Fv2%2Fproduct_brand&post=2868"},{"taxonomy":"product_cat","embeddable":true,"href":"https:\/\/manufakturaumarty.pl\/index.php?rest_route=%2Fwp%2Fv2%2Fproduct_cat&post=2868"},{"taxonomy":"product_tag","embeddable":true,"href":"https:\/\/manufakturaumarty.pl\/index.php?rest_route=%2Fwp%2Fv2%2Fproduct_tag&post=2868"}],"curies":[{"name":"wp","href":"https:\/\/api.w.org\/{rel}","templated":true}]}}